{"id":519,"date":"2026-03-19T10:43:36","date_gmt":"2026-03-19T09:43:36","guid":{"rendered":"https:\/\/forogaliciaevalleinclan.com\/?page_id=519"},"modified":"2026-04-01T15:52:03","modified_gmt":"2026-04-01T13:52:03","slug":"publicaciones","status":"publish","type":"page","link":"https:\/\/forogaliciaevalleinclan.com\/es\/publicacions\/","title":{"rendered":"Publicaciones"},"content":{"rendered":"<div data-elementor-type=\"wp-page\" data-elementor-id=\"519\" class=\"elementor elementor-519\" data-elementor-post-type=\"page\">\n\t\t\t\t<div class=\"elementor-element elementor-element-86cf6d6 e-flex e-con-boxed e-con e-parent\" data-id=\"86cf6d6\" data-element_type=\"container\" data-e-type=\"container\" data-settings=\"{&quot;background_background&quot;:&quot;classic&quot;}\">\n\t\t\t\t\t<div class=\"e-con-inner\">\n\t\t\t\t<div class=\"elementor-element elementor-element-db52cf8 elementor-widget__width-initial elementor-widget-tablet__width-inherit elementor-widget elementor-widget-heading\" data-id=\"db52cf8\" data-element_type=\"widget\" data-e-type=\"widget\" data-widget_type=\"heading.default\">\n\t\t\t\t\t<h1 class=\"elementor-heading-title elementor-size-default\">Publicaciones<\/h1>\t\t\t\t<\/div>\n\t\t<div class=\"elementor-element elementor-element-6271d79 e-grid e-con-boxed e-con e-child\" data-id=\"6271d79\" data-element_type=\"container\" data-e-type=\"container\">\n\t\t\t\t\t<div class=\"e-con-inner\">\n\t\t\t\t<div class=\"elementor-element elementor-element-5010291 elementor-position-top elementor-widget elementor-widget-image-box\" data-id=\"5010291\" data-element_type=\"widget\" data-e-type=\"widget\" data-widget_type=\"image-box.default\">\n\t\t\t\t\t<div class=\"elementor-image-box-wrapper\"><figure class=\"elementor-image-box-img\"><img fetchpriority=\"high\" decoding=\"async\" width=\"488\" height=\"704\" src=\"https:\/\/forogaliciaevalleinclan.com\/wp-content\/uploads\/2025\/08\/FORO-GALICIA-Y-VALLE-INCLAN-FORO-GALICIA-E-VALLE-INCLAN.jpg\" class=\"attachment-full size-full wp-image-545\" alt=\"Foro Galicia y Valle-Incl\u00e1n \/ Foro Galicia y Valle-Incl\u00e1n\" srcset=\"https:\/\/forogaliciaevalleinclan.com\/wp-content\/uploads\/2025\/08\/FORO-GALICIA-Y-VALLE-INCLAN-FORO-GALICIA-E-VALLE-INCLAN.jpg 488w, https:\/\/forogaliciaevalleinclan.com\/wp-content\/uploads\/2025\/08\/FORO-GALICIA-Y-VALLE-INCLAN-FORO-GALICIA-E-VALLE-INCLAN-208x300.jpg 208w\" sizes=\"(max-width: 488px) 100vw, 488px\" \/><\/figure><div class=\"elementor-image-box-content\"><h2 class=\"elementor-image-box-title\"> Foro de Galicia y Valle-Incl\u00e1n<\/h2><p class=\"elementor-image-box-description\">Valdeca\u00f1as, Herminio: \u201cApuntes sobre la amistad y los manuscritos: Rub\u00e9n Dar\u00edo y Valle-Incl\u00e1n\u201d; Viana, V\u00edctor: \u201cPedro Seoane Varela\u201d; Valle-Incl\u00e1n, Joaqu\u00edn del: \u201cEpithalamium, la cr\u00edtica y un duelo no librado\u201d; traducci\u00f3n al gallego de Roc\u00edo Vi\u00e9itez Ferro.<br><br>\n\nPublicaci\u00f3n editada en colaboraci\u00f3n con el Ayuntamiento de Pobra do Carami\u00f1al y la Direcci\u00f3n General de Cultura de la Xunta de Galicia.<\/p><\/div><\/div>\t\t\t\t<\/div>\n\t\t\t\t<div class=\"elementor-element elementor-element-6dedace elementor-position-top elementor-widget elementor-widget-image-box\" data-id=\"6dedace\" data-element_type=\"widget\" data-e-type=\"widget\" data-widget_type=\"image-box.default\">\n\t\t\t\t\t<div class=\"elementor-image-box-wrapper\"><figure class=\"elementor-image-box-img\"><img decoding=\"async\" width=\"488\" height=\"704\" src=\"https:\/\/forogaliciaevalleinclan.com\/wp-content\/uploads\/2026\/04\/Diseno-sin-titulo-2025-08-09T181513.605-1.jpg\" class=\"attachment-full size-full wp-image-884\" alt=\"Mi hermana Antonia\" srcset=\"https:\/\/forogaliciaevalleinclan.com\/wp-content\/uploads\/2026\/04\/Diseno-sin-titulo-2025-08-09T181513.605-1.jpg 488w, https:\/\/forogaliciaevalleinclan.com\/wp-content\/uploads\/2026\/04\/Diseno-sin-titulo-2025-08-09T181513.605-1-208x300.jpg 208w\" sizes=\"(max-width: 488px) 100vw, 488px\" \/><\/figure><div class=\"elementor-image-box-content\"><h2 class=\"elementor-image-box-title\">Mi hermana Antonia<\/h2><p class=\"elementor-image-box-description\">De Ram\u00f3n del Valle-Incl\u00e1n (2021), una edici\u00f3n gallega y facs\u00edmil de la obra original titulada \u201cMi hermana Ant\u00f3nia\u201d. Una obra de ficci\u00f3n y misterio con toques de superstici\u00f3n, ambientada en la monumental ciudad de Santiago de Compostela.<br><br>\n\nResumen: \u201cReligi\u00f3n, supersticiones y misterio\u201d, de Xaqu\u00edn del Valle-Incl\u00e1n Alsina; \u201cValle-Incl\u00e1n: po\u00e9tica y misterio cotidiano\u201d, de Antonio Gonz\u00e1lez Mill\u00e1n; \u201cEscenas literarias de Compostela\u201d, un art\u00edculo de fondo de Adolfo Enr\u00edquez; traducci\u00f3n de Roc\u00edo Vi\u00e9itez Ferro.<br><br>\n\nLibro patrocinado por la Secretar\u00eda General de Pol\u00edtica Ling\u00fc\u00edstica de la Xunta de Galicia.<\/p><\/div><\/div>\t\t\t\t<\/div>\n\t\t\t\t<div class=\"elementor-element elementor-element-fb31ff0 elementor-position-top elementor-widget elementor-widget-image-box\" data-id=\"fb31ff0\" data-element_type=\"widget\" data-e-type=\"widget\" data-widget_type=\"image-box.default\">\n\t\t\t\t\t<div class=\"elementor-image-box-wrapper\"><figure class=\"elementor-image-box-img\"><img decoding=\"async\" width=\"488\" height=\"704\" src=\"https:\/\/forogaliciaevalleinclan.com\/wp-content\/uploads\/2026\/04\/la-espana-tradicional.jpg\" class=\"attachment-full size-full wp-image-883\" alt=\"La Espa\u00f1a tradicional\" srcset=\"https:\/\/forogaliciaevalleinclan.com\/wp-content\/uploads\/2026\/04\/la-espana-tradicional.jpg 488w, https:\/\/forogaliciaevalleinclan.com\/wp-content\/uploads\/2026\/04\/la-espana-tradicional-208x300.jpg 208w\" sizes=\"(max-width: 488px) 100vw, 488px\" \/><\/figure><div class=\"elementor-image-box-content\"><h2 class=\"elementor-image-box-title\">La Espa\u00f1a tradicional<\/h2><p class=\"elementor-image-box-description\">De Ram\u00f3n del Valle-Incl\u00e1n (2023), una recopilaci\u00f3n en espa\u00f1ol de la trilog\u00eda de novelas que conforman el ciclo de las Guerras Carlistas: \u201cLos cruzados de la Causa\u201d, \u201cEl resplandor de la hoguera\u201d y \u201cGerifaltes de anta\u00f1o\u201d.<br><br>\n\nEdici\u00f3n a cargo de Joaqu\u00edn del Valle-Incl\u00e1n, promovida por la asociaci\u00f3n Foro Galicia e Valle-Incl\u00e1n, en colaboraci\u00f3n con el Museo Valle-Incl\u00e1n \u2013 Ayuntamiento de Pobra do Carami\u00f1al.<\/p><\/div><\/div>\t\t\t\t<\/div>\n\t\t\t\t\t<\/div>\n\t\t\t\t<\/div>\n\t\t\t\t\t<\/div>\n\t\t\t\t<\/div>\n\t\t<div class=\"elementor-element elementor-element-b18338a e-flex e-con-boxed e-con e-parent\" data-id=\"b18338a\" data-element_type=\"container\" data-e-type=\"container\">\n\t\t\t\t\t<div class=\"e-con-inner\">\n\t\t\t\t<div class=\"elementor-element elementor-element-6c99470 elementor-align-center elementor-widget elementor-widget-button\" data-id=\"6c99470\" data-element_type=\"widget\" data-e-type=\"widget\" data-widget_type=\"button.default\">\n\t\t\t\t\t\t\t\t\t\t<a class=\"elementor-button elementor-button-link elementor-size-sm\" href=\"https:\/\/forogaliciaevalleinclan.com\/es\/tienda\/\">\n\t\t\t\t\t\t<span class=\"elementor-button-content-wrapper\">\n\t\t\t\t\t\t\t\t\t<span class=\"elementor-button-text\">Ir a la tienda<\/span>\n\t\t\t\t\t<\/span>\n\t\t\t\t\t<\/a>\n\t\t\t\t\t\t\t\t<\/div>\n\t\t\t\t\t<\/div>\n\t\t\t\t<\/div>\n\t\t\t\t<\/div>","protected":false},"excerpt":{"rendered":"<p>FORO GALICIA E VALLE-INCL\u00c1N Valdeca\u00f1as, Herminio: \u201cNotas de amistad y manuscritos: Rub\u00e9n Dar\u00edo y Valle-Incl\u00e1n\u201d; Viana, V\u00edctor: \u201cPedro Seoane Varela\u201d; Valle-Incl\u00e1n, Joaqu\u00edn del: \u201cEpitalamio, la cr\u00edtica y un duelo no celebrado\u201d; traduci\u00f3n ao galego de Roc\u00edo Vi\u00e9itez Ferro. Exemplar editado coa colaboraci\u00f3n do Concello da Pobra do Carami\u00f1al e da Direcci\u00f3n Xeral de Cultura \u2013 [&hellip;]<\/p>\n","protected":false},"author":3,"featured_media":0,"parent":0,"menu_order":0,"comment_status":"closed","ping_status":"closed","template":"","meta":{"footnotes":""},"class_list":["post-519","page","type-page","status-publish","hentry"],"yoast_head":"<!-- This site is optimized with the Yoast SEO plugin v27.3 - https:\/\/yoast.com\/product\/yoast-seo-wordpress\/ -->\n<title>Publicaci\u00f3ns - Foro Galicia e Valle-Incl\u00e1n<\/title>\n<meta name=\"robots\" content=\"index, follow, max-snippet:-1, max-image-preview:large, max-video-preview:-1\" \/>\n<link rel=\"canonical\" href=\"https:\/\/forogaliciaevalleinclan.com\/es\/publicaciones\/\" \/>\n<meta property=\"og:locale\" content=\"es_ES\" \/>\n<meta property=\"og:type\" content=\"article\" \/>\n<meta property=\"og:title\" content=\"Publicaci\u00f3ns - Foro Galicia e Valle-Incl\u00e1n\" \/>\n<meta property=\"og:description\" content=\"FORO GALICIA E VALLE-INCL\u00c1N Valdeca\u00f1as, Herminio: \u201cNotas de amistad y manuscritos: Rub\u00e9n Dar\u00edo y Valle-Incl\u00e1n\u201d; Viana, V\u00edctor: \u201cPedro Seoane Varela\u201d; Valle-Incl\u00e1n, Joaqu\u00edn del: \u201cEpitalamio, la cr\u00edtica y un duelo no celebrado\u201d; traduci\u00f3n ao galego de Roc\u00edo Vi\u00e9itez Ferro. Exemplar editado coa colaboraci\u00f3n do Concello da Pobra do Carami\u00f1al e da Direcci\u00f3n Xeral de Cultura \u2013 [&hellip;]\" \/>\n<meta property=\"og:url\" content=\"https:\/\/forogaliciaevalleinclan.com\/es\/publicaciones\/\" \/>\n<meta property=\"og:site_name\" content=\"Foro Galicia e Valle-Incl\u00e1n\" \/>\n<meta property=\"article:modified_time\" content=\"2026-04-01T13:52:03+00:00\" \/>\n<meta property=\"og:image\" content=\"https:\/\/forogaliciaevalleinclan.com\/wp-content\/uploads\/2025\/08\/FORO-GALICIA-Y-VALLE-INCLAN-FORO-GALICIA-E-VALLE-INCLAN.jpg\" \/>\n\t<meta property=\"og:image:width\" content=\"488\" \/>\n\t<meta property=\"og:image:height\" content=\"704\" \/>\n\t<meta property=\"og:image:type\" content=\"image\/jpeg\" \/>\n<meta name=\"twitter:card\" content=\"summary_large_image\" \/>\n<meta name=\"twitter:label1\" content=\"Tiempo de lectura\" \/>\n\t<meta name=\"twitter:data1\" content=\"2 minutos\" \/>\n<script type=\"application\/ld+json\" class=\"yoast-schema-graph\">{\"@context\":\"https:\\\/\\\/schema.org\",\"@graph\":[{\"@type\":\"WebPage\",\"@id\":\"https:\\\/\\\/forogaliciaevalleinclan.com\\\/publicacions\\\/\",\"url\":\"https:\\\/\\\/forogaliciaevalleinclan.com\\\/publicacions\\\/\",\"name\":\"Publicaci\u00f3ns - Foro Galicia e Valle-Incl\u00e1n\",\"isPartOf\":{\"@id\":\"https:\\\/\\\/forogaliciaevalleinclan.com\\\/#website\"},\"primaryImageOfPage\":{\"@id\":\"https:\\\/\\\/forogaliciaevalleinclan.com\\\/publicacions\\\/#primaryimage\"},\"image\":{\"@id\":\"https:\\\/\\\/forogaliciaevalleinclan.com\\\/publicacions\\\/#primaryimage\"},\"thumbnailUrl\":\"https:\\\/\\\/forogaliciaevalleinclan.com\\\/wp-content\\\/uploads\\\/2025\\\/08\\\/FORO-GALICIA-Y-VALLE-INCLAN-FORO-GALICIA-E-VALLE-INCLAN.jpg\",\"datePublished\":\"2026-03-19T09:43:36+00:00\",\"dateModified\":\"2026-04-01T13:52:03+00:00\",\"breadcrumb\":{\"@id\":\"https:\\\/\\\/forogaliciaevalleinclan.com\\\/publicacions\\\/#breadcrumb\"},\"inLanguage\":\"es\",\"potentialAction\":[{\"@type\":\"ReadAction\",\"target\":[\"https:\\\/\\\/forogaliciaevalleinclan.com\\\/publicacions\\\/\"]}]},{\"@type\":\"ImageObject\",\"inLanguage\":\"es\",\"@id\":\"https:\\\/\\\/forogaliciaevalleinclan.com\\\/publicacions\\\/#primaryimage\",\"url\":\"https:\\\/\\\/forogaliciaevalleinclan.com\\\/wp-content\\\/uploads\\\/2025\\\/08\\\/FORO-GALICIA-Y-VALLE-INCLAN-FORO-GALICIA-E-VALLE-INCLAN.jpg\",\"contentUrl\":\"https:\\\/\\\/forogaliciaevalleinclan.com\\\/wp-content\\\/uploads\\\/2025\\\/08\\\/FORO-GALICIA-Y-VALLE-INCLAN-FORO-GALICIA-E-VALLE-INCLAN.jpg\"},{\"@type\":\"BreadcrumbList\",\"@id\":\"https:\\\/\\\/forogaliciaevalleinclan.com\\\/publicacions\\\/#breadcrumb\",\"itemListElement\":[{\"@type\":\"ListItem\",\"position\":1,\"name\":\"Inicio\",\"item\":\"https:\\\/\\\/forogaliciaevalleinclan.com\\\/\"},{\"@type\":\"ListItem\",\"position\":2,\"name\":\"Publicaci\u00f3ns\"}]},{\"@type\":\"WebSite\",\"@id\":\"https:\\\/\\\/forogaliciaevalleinclan.com\\\/#website\",\"url\":\"https:\\\/\\\/forogaliciaevalleinclan.com\\\/\",\"name\":\"Foro Galicia e Valle-Incl\u00e1n\",\"description\":\"Promover a democratizaci\u00f3n do co\u00f1ecemento p\u00fablico sobre a biograf\u00eda, a xenialidade e a obra literaria do escritor Ram\u00f3n del Valle-Incl\u00e1n\",\"publisher\":{\"@id\":\"https:\\\/\\\/forogaliciaevalleinclan.com\\\/#organization\"},\"alternateName\":\"Foro Galicia e Valle-Incl\u00e1n\",\"potentialAction\":[{\"@type\":\"SearchAction\",\"target\":{\"@type\":\"EntryPoint\",\"urlTemplate\":\"https:\\\/\\\/forogaliciaevalleinclan.com\\\/?s={search_term_string}\"},\"query-input\":{\"@type\":\"PropertyValueSpecification\",\"valueRequired\":true,\"valueName\":\"search_term_string\"}}],\"inLanguage\":\"es\"},{\"@type\":\"Organization\",\"@id\":\"https:\\\/\\\/forogaliciaevalleinclan.com\\\/#organization\",\"name\":\"Foro Galicia e Valle-Incl\u00e1n\",\"alternateName\":\"Foro Galicia e Valle-Incl\u00e1n\",\"url\":\"https:\\\/\\\/forogaliciaevalleinclan.com\\\/\",\"logo\":{\"@type\":\"ImageObject\",\"inLanguage\":\"es\",\"@id\":\"https:\\\/\\\/forogaliciaevalleinclan.com\\\/#\\\/schema\\\/logo\\\/image\\\/\",\"url\":\"https:\\\/\\\/forogaliciaevalleinclan.com\\\/wp-content\\\/uploads\\\/2026\\\/03\\\/logo-foro-galicia-e-valle-inclan.png\",\"contentUrl\":\"https:\\\/\\\/forogaliciaevalleinclan.com\\\/wp-content\\\/uploads\\\/2026\\\/03\\\/logo-foro-galicia-e-valle-inclan.png\",\"width\":810,\"height\":570,\"caption\":\"Foro Galicia e Valle-Incl\u00e1n\"},\"image\":{\"@id\":\"https:\\\/\\\/forogaliciaevalleinclan.com\\\/#\\\/schema\\\/logo\\\/image\\\/\"}}]}<\/script>\n<!-- \/ Yoast SEO plugin. -->","yoast_head_json":{"title":"Publicaciones - Foro Galicia y Valle-Incl\u00e1n","robots":{"index":"index","follow":"follow","max-snippet":"max-snippet:-1","max-image-preview":"max-image-preview:large","max-video-preview":"max-video-preview:-1"},"canonical":"https:\/\/forogaliciaevalleinclan.com\/es\/publicaciones\/","og_locale":"es_ES","og_type":"article","og_title":"Publicaci\u00f3ns - Foro Galicia e Valle-Incl\u00e1n","og_description":"FORO GALICIA E VALLE-INCL\u00c1N Valdeca\u00f1as, Herminio: \u201cNotas de amistad y manuscritos: Rub\u00e9n Dar\u00edo y Valle-Incl\u00e1n\u201d; Viana, V\u00edctor: \u201cPedro Seoane Varela\u201d; Valle-Incl\u00e1n, Joaqu\u00edn del: \u201cEpitalamio, la cr\u00edtica y un duelo no celebrado\u201d; traduci\u00f3n ao galego de Roc\u00edo Vi\u00e9itez Ferro. Exemplar editado coa colaboraci\u00f3n do Concello da Pobra do Carami\u00f1al e da Direcci\u00f3n Xeral de Cultura \u2013 [&hellip;]","og_url":"https:\/\/forogaliciaevalleinclan.com\/es\/publicaciones\/","og_site_name":"Foro Galicia e Valle-Incl\u00e1n","article_modified_time":"2026-04-01T13:52:03+00:00","og_image":[{"width":488,"height":704,"url":"https:\/\/forogaliciaevalleinclan.com\/wp-content\/uploads\/2025\/08\/FORO-GALICIA-Y-VALLE-INCLAN-FORO-GALICIA-E-VALLE-INCLAN.jpg","type":"image\/jpeg"}],"twitter_card":"summary_large_image","twitter_misc":{"Tiempo de lectura":"2 minutos"},"schema":{"@context":"https:\/\/schema.org","@graph":[{"@type":"WebPage","@id":"https:\/\/forogaliciaevalleinclan.com\/publicacions\/","url":"https:\/\/forogaliciaevalleinclan.com\/publicacions\/","name":"Publicaciones - Foro Galicia y Valle-Incl\u00e1n","isPartOf":{"@id":"https:\/\/forogaliciaevalleinclan.com\/#website"},"primaryImageOfPage":{"@id":"https:\/\/forogaliciaevalleinclan.com\/publicacions\/#primaryimage"},"image":{"@id":"https:\/\/forogaliciaevalleinclan.com\/publicacions\/#primaryimage"},"thumbnailUrl":"https:\/\/forogaliciaevalleinclan.com\/wp-content\/uploads\/2025\/08\/FORO-GALICIA-Y-VALLE-INCLAN-FORO-GALICIA-E-VALLE-INCLAN.jpg","datePublished":"2026-03-19T09:43:36+00:00","dateModified":"2026-04-01T13:52:03+00:00","breadcrumb":{"@id":"https:\/\/forogaliciaevalleinclan.com\/publicacions\/#breadcrumb"},"inLanguage":"es","potentialAction":[{"@type":"ReadAction","target":["https:\/\/forogaliciaevalleinclan.com\/publicacions\/"]}]},{"@type":"ImageObject","inLanguage":"es","@id":"https:\/\/forogaliciaevalleinclan.com\/publicacions\/#primaryimage","url":"https:\/\/forogaliciaevalleinclan.com\/wp-content\/uploads\/2025\/08\/FORO-GALICIA-Y-VALLE-INCLAN-FORO-GALICIA-E-VALLE-INCLAN.jpg","contentUrl":"https:\/\/forogaliciaevalleinclan.com\/wp-content\/uploads\/2025\/08\/FORO-GALICIA-Y-VALLE-INCLAN-FORO-GALICIA-E-VALLE-INCLAN.jpg"},{"@type":"BreadcrumbList","@id":"https:\/\/forogaliciaevalleinclan.com\/publicacions\/#breadcrumb","itemListElement":[{"@type":"ListItem","position":1,"name":"Inicio","item":"https:\/\/forogaliciaevalleinclan.com\/"},{"@type":"ListItem","position":2,"name":"Publicaci\u00f3ns"}]},{"@type":"WebSite","@id":"https:\/\/forogaliciaevalleinclan.com\/#website","url":"https:\/\/forogaliciaevalleinclan.com\/","name":"Foro de Galicia y Valle-Incl\u00e1n","description":"Promover la democratizaci\u00f3n del conocimiento p\u00fablico sobre la biograf\u00eda, el genio y la obra literaria del escritor Ram\u00f3n del Valle-Incl\u00e1n.","publisher":{"@id":"https:\/\/forogaliciaevalleinclan.com\/#organization"},"alternateName":"Foro Galicia e Valle-Incl\u00e1n","potentialAction":[{"@type":"SearchAction","target":{"@type":"EntryPoint","urlTemplate":"https:\/\/forogaliciaevalleinclan.com\/?s={search_term_string}"},"query-input":{"@type":"PropertyValueSpecification","valueRequired":true,"valueName":"search_term_string"}}],"inLanguage":"es"},{"@type":"Organization","@id":"https:\/\/forogaliciaevalleinclan.com\/#organization","name":"Foro de Galicia y Valle-Incl\u00e1n","alternateName":"Foro Galicia e Valle-Incl\u00e1n","url":"https:\/\/forogaliciaevalleinclan.com\/","logo":{"@type":"ImageObject","inLanguage":"es","@id":"https:\/\/forogaliciaevalleinclan.com\/#\/schema\/logo\/image\/","url":"https:\/\/forogaliciaevalleinclan.com\/wp-content\/uploads\/2026\/03\/logo-foro-galicia-e-valle-inclan.png","contentUrl":"https:\/\/forogaliciaevalleinclan.com\/wp-content\/uploads\/2026\/03\/logo-foro-galicia-e-valle-inclan.png","width":810,"height":570,"caption":"Foro Galicia e Valle-Incl\u00e1n"},"image":{"@id":"https:\/\/forogaliciaevalleinclan.com\/#\/schema\/logo\/image\/"}}]}},"_links":{"self":[{"href":"https:\/\/forogaliciaevalleinclan.com\/es\/wp-json\/wp\/v2\/pages\/519","targetHints":{"allow":["GET"]}}],"collection":[{"href":"https:\/\/forogaliciaevalleinclan.com\/es\/wp-json\/wp\/v2\/pages"}],"about":[{"href":"https:\/\/forogaliciaevalleinclan.com\/es\/wp-json\/wp\/v2\/types\/page"}],"author":[{"embeddable":true,"href":"https:\/\/forogaliciaevalleinclan.com\/es\/wp-json\/wp\/v2\/users\/3"}],"replies":[{"embeddable":true,"href":"https:\/\/forogaliciaevalleinclan.com\/es\/wp-json\/wp\/v2\/comments?post=519"}],"version-history":[{"count":22,"href":"https:\/\/forogaliciaevalleinclan.com\/es\/wp-json\/wp\/v2\/pages\/519\/revisions"}],"predecessor-version":[{"id":956,"href":"https:\/\/forogaliciaevalleinclan.com\/es\/wp-json\/wp\/v2\/pages\/519\/revisions\/956"}],"wp:attachment":[{"href":"https:\/\/forogaliciaevalleinclan.com\/es\/wp-json\/wp\/v2\/media?parent=519"}],"curies":[{"name":"wp","href":"https:\/\/api.w.org\/{rel}","templated":true}]}}