{"id":561,"date":"2026-03-19T11:15:13","date_gmt":"2026-03-19T10:15:13","guid":{"rendered":"https:\/\/forogaliciaevalleinclan.com\/politica-de-cookies\/"},"modified":"2026-04-02T16:57:00","modified_gmt":"2026-04-02T14:57:00","slug":"politica-de-cookies","status":"publish","type":"page","link":"https:\/\/forogaliciaevalleinclan.com\/es\/politica-de-cookies\/","title":{"rendered":"Pol\u00edtica de cookies"},"content":{"rendered":"<!-- Legal document generated by Complianz | GDPR\/CCPA Cookie Consent https:\/\/wordpress.org\/plugins\/complianz-gdpr -->\n<div id=\"cmplz-document\" class=\"cmplz-document cookie-statement cmplz-document-eu\"><p><i>Esta pol\u00edtica de cookies fue actualizada por \u00faltima vez el 1 de abril de 2026 y se aplica a los ciudadanos y residentes legales permanentes del Espacio Econ\u00f3mico Europeo y Suiza.<\/i><br><\/p><h2>1. Introducci\u00f3n<\/h2><p>Nuestra p\u00e1gina web, <a href=\"https:\/\/forogaliciaevalleinclan.com\/es\">https:\/\/forogaliciaevalleinclan.com\/es<\/a> (en adelante, \u00abel sitio web\u00bb) utiliza cookies y otras tecnolog\u00edas relacionadas (por comodidad, nos referimos a todas estas tecnolog\u00edas como \u00abcookies\u00bb). Tambi\u00e9n se instalan cookies de terceros con los que colaboramos. En el siguiente documento le informamos sobre el uso de cookies en nuestro sitio web.<\/p><h2>2. \u00bfQu\u00e9 son las cookies?<\/h2><p>Una cookie es un peque\u00f1o archivo que se env\u00eda junto con las p\u00e1ginas de este sitio web y que tu navegador almacena en el disco duro de tu ordenador o en otro dispositivo. La informaci\u00f3n almacenada puede enviarse de vuelta a nuestros servidores o a los servidores de terceros correspondientes durante una visita posterior.<\/p><h2>3. \u00bfQu\u00e9 son los scripts?<\/h2><p>Un script es un fragmento de c\u00f3digo de programa que se utiliza para que nuestro sitio web funcione correctamente y de forma interactiva. Este c\u00f3digo se ejecuta en nuestro servidor o en tu dispositivo.<\/p><h2>4. \u00bfQu\u00e9 es una baliza web?<\/h2><p>Una baliza web (o p\u00edxel oculto) es un peque\u00f1o fragmento de texto o imagen invisible en una p\u00e1gina web que se utiliza para supervisar el tr\u00e1fico web. Para ello, a trav\u00e9s de estas balizas web se almacenan diversos datos sobre usted.<\/p><h2>5. Cookies<\/h2><p class=\"cmplz-subtitle\">5.1 Cookies t\u00e9cnicas o funcionales<\/p><p>Algunas cookies garantizan el correcto funcionamiento de determinadas partes del sitio web y permiten recordar tus preferencias de usuario. Al instalar cookies funcionales, facilitamos tu visita a nuestro sitio web. De este modo, no tendr\u00e1s que introducir la misma informaci\u00f3n repetidamente cuando visites nuestro sitio web y, por ejemplo, los art\u00edculos permanecer\u00e1n en tu cesta de la compra hasta que hayas completado el pago. Podemos instalar estas cookies sin tu consentimiento.<\/p><p class=\"cmplz-subtitle\">5.2 Cookies de estad\u00edsticas<\/p><p>Utilizamos cookies estad\u00edsticas para optimizar la experiencia de nuestros usuarios en el sitio web. Gracias a estas cookies estad\u00edsticas, obtenemos informaci\u00f3n sobre c\u00f3mo se utiliza nuestro sitio web. Solicitamos su permiso para instalar cookies estad\u00edsticas.<\/p><p class=\"cmplz-subtitle\">5.3 Cookies de marketing y seguimiento<\/p><p>Las cookies de marketing y seguimiento son cookies, o cualquier otra forma de almacenamiento local, que se utilizan para crear perfiles de usuario con el fin de mostrar publicidad o realizar un seguimiento del usuario en este sitio web o en otros sitios web con fines de marketing similares.<\/p><h2>6. Cookies utilizadas<\/h2><div id=\"cmplz-cookies-overview\"><\/div><h2>7. Consentimiento<\/h2><p>Cuando visites nuestra p\u00e1gina web por primera vez, aparecer\u00e1 una ventana emergente con informaci\u00f3n sobre las cookies. Al hacer clic en \u00abGuardar preferencias\u00bb, aceptas el uso de las categor\u00edas de cookies y los complementos que hayas seleccionado en la ventana emergente, tal y como se describe en esta pol\u00edtica de cookies. Puedes desactivar las cookies a trav\u00e9s de tu navegador, pero ten en cuenta que nuestra p\u00e1gina web podr\u00eda dejar de funcionar correctamente.<\/p><p class=\"cmplz-subtitle\">7.1 Gestionar la configuraci\u00f3n de consentimiento<\/p><div id=\"cmplz-manage-consent-container-nojavascript\">Has cargado la pol\u00edtica de cookies sin compatibilidad con JavaScript.&nbsp;En AMP, puedes utilizar el bot\u00f3n de gestionar el consentimiento en la parte inferior de la p\u00e1gina.<\/div><div id=\"cmplz-manage-consent-container\" name=\"cmplz-manage-consent-container\" class=\"cmplz-manage-consent-container\"><\/div><h2>8. Activaci\u00f3n, desactivaci\u00f3n y eliminaci\u00f3n de cookies<\/h2><p>Puede utilizar su navegador web para eliminar las cookies de forma autom\u00e1tica o manual. Tambi\u00e9n puede indicar que no se instalen determinadas cookies. Otra opci\u00f3n es modificar la configuraci\u00f3n de su navegador web para que reciba un mensaje cada vez que se instale una cookie. Para obtener m\u00e1s informaci\u00f3n sobre estas opciones, consulte las instrucciones de la secci\u00f3n \u00abAyuda\u00bb de su navegador.<\/p><p>Ten en cuenta que es posible que nuestro sitio web no funcione correctamente si se desactivan todas las cookies. Si eliminas las cookies de tu navegador, se volver\u00e1n a instalar una vez que hayas dado tu consentimiento y vuelvas a visitar nuestros sitios web.<\/p><h2>9. Tus derechos en relaci\u00f3n con los datos personales<\/h2><p>Tienes los siguientes derechos en relaci\u00f3n con tus datos personales:<\/p><ul>\n                    <li>Tiene derecho a saber por qu\u00e9 se necesitan sus datos personales, qu\u00e9 se har\u00e1 con ellos y durante cu\u00e1nto tiempo se conservar\u00e1n.<\/li>\n                    <li>Derecho de acceso: tiene derecho a acceder a los datos personales que tenemos sobre usted.<\/li>\n                    <li>Derecho de rectificaci\u00f3n: tiene derecho a completar, rectificar, suprimir o bloquear sus datos personales cuando lo desee.<\/li>\n                    <li>Si nos da su consentimiento para tratar sus datos, tiene derecho a revocar dicho consentimiento y a que se supriman sus datos personales.<\/li>\n                    <li>Derecho a la portabilidad de los datos: tiene derecho a solicitar al responsable del tratamiento todos sus datos personales y a transferirlos \u00edntegramente a otro responsable del tratamiento.<\/li>\n                    <li>Derecho de oposici\u00f3n: puede oponerse al tratamiento de sus datos. Respetaremos su decisi\u00f3n, salvo que existan motivos justificados para el tratamiento.<\/li>\n                <\/ul><p>Para ejercer estos derechos, p\u00f3ngase en contacto con nosotros. Consulte los datos de contacto que figuran al final de esta pol\u00edtica de cookies. Si tiene alguna queja sobre c\u00f3mo gestionamos sus datos, le agradecer\u00edamos que nos lo comunicara, aunque tambi\u00e9n tiene derecho a presentar una reclamaci\u00f3n ante la autoridad de control (la autoridad de protecci\u00f3n de datos).<\/p><h2>10. Datos de contacto<\/h2><p>Si tiene alguna pregunta o comentario sobre nuestra pol\u00edtica de cookies y esta declaraci\u00f3n, p\u00f3ngase en contacto con nosotros a trav\u00e9s de los siguientes datos de contacto:<\/p><p><span class=\"cmplz-contact-organisation\">Foro Galicia y Valle-Incl\u00e1n<\/span><br>\n                      <span class=\"cmplz-contact-address\">Calle Romero Donallo, 31 \u2013 15706 Santiago de Compostela<\/span><br>\n                      <span class=\"cmplz-contact-country\">Espa\u00f1a<\/span><br>\n                      <span class=\"cmplz-contact-domain\">Sitio web: <a href=\"https:\/\/forogaliciaevalleinclan.com\/es\">https:\/\/forogaliciaevalleinclan.com\/es<\/a><\/span><br>\n                      <span class=\"cmplz-contact-email\">Correo electr\u00f3nico: <span class=\"cmplz-obfuscate\">informaci\u00f3n<span class=\"cmplz-fmail-domain\">e&#120;&#046;co&#109;<\/span>&#102;&#111;ro&#103;a&#108;i&#099;&#105;&#097;evall&#101;&#105;&#110;cl&#097;&#110;&#046;c&#111;&#109;<\/span><\/span><br>\n                    <span class=\"cmplz-contact-telephone\"><\/span><\/p><p>Esta pol\u00edtica de cookies se ha sincronizado con <a href=\"https:\/\/cookiedatabase.org\/\" target=\"_blank\">cookiedatabase.org<\/a> el 1 de abril de 2026.<\/p><\/div>","protected":false},"excerpt":{"rendered":"","protected":false},"author":3,"featured_media":0,"parent":0,"menu_order":0,"comment_status":"closed","ping_status":"closed","template":"","meta":{"footnotes":""},"class_list":["post-561","page","type-page","status-publish","hentry"],"yoast_head":"<!-- This site is optimized with the Yoast SEO plugin v27.3 - https:\/\/yoast.com\/product\/yoast-seo-wordpress\/ -->\n<title>Pol\u00edtica de cookies - Foro Galicia e Valle-Incl\u00e1n<\/title>\n<meta name=\"robots\" content=\"index, follow, max-snippet:-1, max-image-preview:large, max-video-preview:-1\" \/>\n<link rel=\"canonical\" href=\"https:\/\/forogaliciaevalleinclan.com\/es\/politica-de-cookies\/\" \/>\n<meta property=\"og:locale\" content=\"es_ES\" \/>\n<meta property=\"og:type\" content=\"article\" \/>\n<meta property=\"og:title\" content=\"Pol\u00edtica de cookies - Foro Galicia e Valle-Incl\u00e1n\" \/>\n<meta property=\"og:url\" content=\"https:\/\/forogaliciaevalleinclan.com\/es\/politica-de-cookies\/\" \/>\n<meta property=\"og:site_name\" content=\"Foro Galicia e Valle-Incl\u00e1n\" \/>\n<meta property=\"article:modified_time\" content=\"2026-04-02T14:57:00+00:00\" \/>\n<meta property=\"og:image\" content=\"https:\/\/forogaliciaevalleinclan.com\/wp-content\/uploads\/2025\/07\/ESTA-1-1.jpg\" \/>\n\t<meta property=\"og:image:width\" content=\"1000\" \/>\n\t<meta property=\"og:image:height\" content=\"1600\" \/>\n\t<meta property=\"og:image:type\" content=\"image\/jpeg\" \/>\n<meta name=\"twitter:card\" content=\"summary_large_image\" \/>\n<script type=\"application\/ld+json\" class=\"yoast-schema-graph\">{\"@context\":\"https:\\\/\\\/schema.org\",\"@graph\":[{\"@type\":\"WebPage\",\"@id\":\"https:\\\/\\\/forogaliciaevalleinclan.com\\\/politica-de-cookies\\\/\",\"url\":\"https:\\\/\\\/forogaliciaevalleinclan.com\\\/politica-de-cookies\\\/\",\"name\":\"Pol\u00edtica de cookies - Foro Galicia e Valle-Incl\u00e1n\",\"isPartOf\":{\"@id\":\"https:\\\/\\\/forogaliciaevalleinclan.com\\\/#website\"},\"datePublished\":\"2026-03-19T10:15:13+00:00\",\"dateModified\":\"2026-04-02T14:57:00+00:00\",\"breadcrumb\":{\"@id\":\"https:\\\/\\\/forogaliciaevalleinclan.com\\\/politica-de-cookies\\\/#breadcrumb\"},\"inLanguage\":\"es\",\"potentialAction\":[{\"@type\":\"ReadAction\",\"target\":[\"https:\\\/\\\/forogaliciaevalleinclan.com\\\/politica-de-cookies\\\/\"]}]},{\"@type\":\"BreadcrumbList\",\"@id\":\"https:\\\/\\\/forogaliciaevalleinclan.com\\\/politica-de-cookies\\\/#breadcrumb\",\"itemListElement\":[{\"@type\":\"ListItem\",\"position\":1,\"name\":\"Inicio\",\"item\":\"https:\\\/\\\/forogaliciaevalleinclan.com\\\/\"},{\"@type\":\"ListItem\",\"position\":2,\"name\":\"Pol\u00edtica de cookies\"}]},{\"@type\":\"WebSite\",\"@id\":\"https:\\\/\\\/forogaliciaevalleinclan.com\\\/#website\",\"url\":\"https:\\\/\\\/forogaliciaevalleinclan.com\\\/\",\"name\":\"Foro Galicia e Valle-Incl\u00e1n\",\"description\":\"Promover a democratizaci\u00f3n do co\u00f1ecemento p\u00fablico sobre a biograf\u00eda, a xenialidade e a obra literaria do escritor Ram\u00f3n del Valle-Incl\u00e1n\",\"publisher\":{\"@id\":\"https:\\\/\\\/forogaliciaevalleinclan.com\\\/#organization\"},\"alternateName\":\"Foro Galicia e Valle-Incl\u00e1n\",\"potentialAction\":[{\"@type\":\"SearchAction\",\"target\":{\"@type\":\"EntryPoint\",\"urlTemplate\":\"https:\\\/\\\/forogaliciaevalleinclan.com\\\/?s={search_term_string}\"},\"query-input\":{\"@type\":\"PropertyValueSpecification\",\"valueRequired\":true,\"valueName\":\"search_term_string\"}}],\"inLanguage\":\"es\"},{\"@type\":\"Organization\",\"@id\":\"https:\\\/\\\/forogaliciaevalleinclan.com\\\/#organization\",\"name\":\"Foro Galicia e Valle-Incl\u00e1n\",\"alternateName\":\"Foro Galicia e Valle-Incl\u00e1n\",\"url\":\"https:\\\/\\\/forogaliciaevalleinclan.com\\\/\",\"logo\":{\"@type\":\"ImageObject\",\"inLanguage\":\"es\",\"@id\":\"https:\\\/\\\/forogaliciaevalleinclan.com\\\/#\\\/schema\\\/logo\\\/image\\\/\",\"url\":\"https:\\\/\\\/forogaliciaevalleinclan.com\\\/wp-content\\\/uploads\\\/2026\\\/03\\\/logo-foro-galicia-e-valle-inclan.png\",\"contentUrl\":\"https:\\\/\\\/forogaliciaevalleinclan.com\\\/wp-content\\\/uploads\\\/2026\\\/03\\\/logo-foro-galicia-e-valle-inclan.png\",\"width\":810,\"height\":570,\"caption\":\"Foro Galicia e Valle-Incl\u00e1n\"},\"image\":{\"@id\":\"https:\\\/\\\/forogaliciaevalleinclan.com\\\/#\\\/schema\\\/logo\\\/image\\\/\"}}]}<\/script>\n<!-- \/ Yoast SEO plugin. -->","yoast_head_json":{"title":"Pol\u00edtica de cookies - Foro de Galicia y Valle-Incl\u00e1n","robots":{"index":"index","follow":"follow","max-snippet":"max-snippet:-1","max-image-preview":"max-image-preview:large","max-video-preview":"max-video-preview:-1"},"canonical":"https:\/\/forogaliciaevalleinclan.com\/es\/politica-de-cookies\/","og_locale":"es_ES","og_type":"article","og_title":"Pol\u00edtica de cookies - Foro Galicia e Valle-Incl\u00e1n","og_url":"https:\/\/forogaliciaevalleinclan.com\/es\/politica-de-cookies\/","og_site_name":"Foro Galicia e Valle-Incl\u00e1n","article_modified_time":"2026-04-02T14:57:00+00:00","og_image":[{"width":1000,"height":1600,"url":"https:\/\/forogaliciaevalleinclan.com\/wp-content\/uploads\/2025\/07\/ESTA-1-1.jpg","type":"image\/jpeg"}],"twitter_card":"summary_large_image","schema":{"@context":"https:\/\/schema.org","@graph":[{"@type":"WebPage","@id":"https:\/\/forogaliciaevalleinclan.com\/politica-de-cookies\/","url":"https:\/\/forogaliciaevalleinclan.com\/politica-de-cookies\/","name":"Pol\u00edtica de cookies - Foro de Galicia y Valle-Incl\u00e1n","isPartOf":{"@id":"https:\/\/forogaliciaevalleinclan.com\/#website"},"datePublished":"2026-03-19T10:15:13+00:00","dateModified":"2026-04-02T14:57:00+00:00","breadcrumb":{"@id":"https:\/\/forogaliciaevalleinclan.com\/politica-de-cookies\/#breadcrumb"},"inLanguage":"es","potentialAction":[{"@type":"ReadAction","target":["https:\/\/forogaliciaevalleinclan.com\/politica-de-cookies\/"]}]},{"@type":"BreadcrumbList","@id":"https:\/\/forogaliciaevalleinclan.com\/politica-de-cookies\/#breadcrumb","itemListElement":[{"@type":"ListItem","position":1,"name":"Inicio","item":"https:\/\/forogaliciaevalleinclan.com\/"},{"@type":"ListItem","position":2,"name":"Pol\u00edtica de cookies"}]},{"@type":"WebSite","@id":"https:\/\/forogaliciaevalleinclan.com\/#website","url":"https:\/\/forogaliciaevalleinclan.com\/","name":"Foro de Galicia y Valle-Incl\u00e1n","description":"Promover la democratizaci\u00f3n del conocimiento p\u00fablico sobre la biograf\u00eda, el genio y la obra literaria del escritor Ram\u00f3n del Valle-Incl\u00e1n.","publisher":{"@id":"https:\/\/forogaliciaevalleinclan.com\/#organization"},"alternateName":"Foro Galicia e Valle-Incl\u00e1n","potentialAction":[{"@type":"SearchAction","target":{"@type":"EntryPoint","urlTemplate":"https:\/\/forogaliciaevalleinclan.com\/?s={search_term_string}"},"query-input":{"@type":"PropertyValueSpecification","valueRequired":true,"valueName":"search_term_string"}}],"inLanguage":"es"},{"@type":"Organization","@id":"https:\/\/forogaliciaevalleinclan.com\/#organization","name":"Foro de Galicia y Valle-Incl\u00e1n","alternateName":"Foro Galicia e Valle-Incl\u00e1n","url":"https:\/\/forogaliciaevalleinclan.com\/","logo":{"@type":"ImageObject","inLanguage":"es","@id":"https:\/\/forogaliciaevalleinclan.com\/#\/schema\/logo\/image\/","url":"https:\/\/forogaliciaevalleinclan.com\/wp-content\/uploads\/2026\/03\/logo-foro-galicia-e-valle-inclan.png","contentUrl":"https:\/\/forogaliciaevalleinclan.com\/wp-content\/uploads\/2026\/03\/logo-foro-galicia-e-valle-inclan.png","width":810,"height":570,"caption":"Foro Galicia e Valle-Incl\u00e1n"},"image":{"@id":"https:\/\/forogaliciaevalleinclan.com\/#\/schema\/logo\/image\/"}}]}},"_links":{"self":[{"href":"https:\/\/forogaliciaevalleinclan.com\/es\/wp-json\/wp\/v2\/pages\/561","targetHints":{"allow":["GET"]}}],"collection":[{"href":"https:\/\/forogaliciaevalleinclan.com\/es\/wp-json\/wp\/v2\/pages"}],"about":[{"href":"https:\/\/forogaliciaevalleinclan.com\/es\/wp-json\/wp\/v2\/types\/page"}],"author":[{"embeddable":true,"href":"https:\/\/forogaliciaevalleinclan.com\/es\/wp-json\/wp\/v2\/users\/3"}],"replies":[{"embeddable":true,"href":"https:\/\/forogaliciaevalleinclan.com\/es\/wp-json\/wp\/v2\/comments?post=561"}],"version-history":[{"count":1,"href":"https:\/\/forogaliciaevalleinclan.com\/es\/wp-json\/wp\/v2\/pages\/561\/revisions"}],"predecessor-version":[{"id":591,"href":"https:\/\/forogaliciaevalleinclan.com\/es\/wp-json\/wp\/v2\/pages\/561\/revisions\/591"}],"wp:attachment":[{"href":"https:\/\/forogaliciaevalleinclan.com\/es\/wp-json\/wp\/v2\/media?parent=561"}],"curies":[{"name":"wp","href":"https:\/\/api.w.org\/{rel}","templated":true}]}}