{"id":584,"date":"2026-03-30T11:26:42","date_gmt":"2026-03-30T09:26:42","guid":{"rendered":"https:\/\/forogaliciaevalleinclan.com\/a-mina-conta\/"},"modified":"2026-03-30T14:53:55","modified_gmt":"2026-03-30T12:53:55","slug":"la-mina-cuenta","status":"publish","type":"page","link":"https:\/\/forogaliciaevalleinclan.com\/es\/a-mina-conta\/","title":{"rendered":"Mi cuenta"},"content":{"rendered":"<div data-elementor-type=\"wp-page\" data-elementor-id=\"584\" class=\"elementor elementor-584\" data-elementor-post-type=\"page\">\n\t\t\t\t<div class=\"elementor-element elementor-element-89fcda5 e-flex e-con-boxed e-con e-parent\" data-id=\"89fcda5\" data-element_type=\"container\" data-e-type=\"container\">\n\t\t\t\t\t<div class=\"e-con-inner\">\n\t\t\t\t\t<\/div>\n\t\t\t\t<\/div>\n\t\t<div class=\"elementor-element elementor-element-b2db015 e-flex e-con-boxed e-con e-parent\" data-id=\"b2db015\" data-element_type=\"container\" data-e-type=\"container\">\n\t\t\t\t\t<div class=\"e-con-inner\">\n\t\t\t\t<div class=\"elementor-element elementor-element-582b068b e-my-account-tabs-vertical elementor-widget elementor-widget-woocommerce-my-account\" data-id=\"582b068b\" data-element_type=\"widget\" data-e-type=\"widget\" data-widget_type=\"woocommerce-my-account.default\">\n\t\t\t\t\t<div class=\"e-my-account-tab e-my-account-tab__\">\t\t\t<div class=\"woocommerce\"><\/div>\t\t<\/div>\n\t\t\t\t\t\t<\/div>\n\t\t\t\t\t<\/div>\n\t\t\t\t<\/div>\n\t\t\t\t<\/div>","protected":false},"excerpt":{"rendered":"<p>Pedidos Descargas Direcciones Datos de la cuenta Cerrar sesi\u00f3n Hola, desafioadmin (\u00bfNo eres desafioadmin? Cerrar sesi\u00f3n) Desde el panel de control de tu cuenta puedes consultar tus pedidos recientes, gestionar tus direcciones de env\u00edo y facturaci\u00f3n, y modificar tu contrase\u00f1a y los datos de tu cuenta.<\/p>","protected":false},"author":3,"featured_media":0,"parent":0,"menu_order":0,"comment_status":"closed","ping_status":"closed","template":"","meta":{"footnotes":""},"class_list":["post-584","page","type-page","status-publish","hentry"],"yoast_head":"<!-- This site is optimized with the Yoast SEO plugin v27.3 - https:\/\/yoast.com\/product\/yoast-seo-wordpress\/ -->\n<title>A mi\u00f1a conta - Foro Galicia e Valle-Incl\u00e1n<\/title>\n<meta name=\"robots\" content=\"index, follow, max-snippet:-1, max-image-preview:large, max-video-preview:-1\" \/>\n<link rel=\"canonical\" href=\"https:\/\/forogaliciaevalleinclan.com\/es\/la-mina-cuenta\/\" \/>\n<meta property=\"og:locale\" content=\"es_ES\" \/>\n<meta property=\"og:type\" content=\"article\" \/>\n<meta property=\"og:title\" content=\"A mi\u00f1a conta - Foro Galicia e Valle-Incl\u00e1n\" \/>\n<meta property=\"og:description\" content=\"Escritorio Pedidos Descargas Direcciones Detalles de la cuenta Cerrar sesi\u00f3n Ola desafioadmin (non es desafioadmin? Sa\u00edr) Dende o panel de control da t\u00faa conta podes ver os teus pedidos recentes, xestionar os teus enderezos de env\u00edo e facturaci\u00f3n e editar o teu contrasinal e os detalles da t\u00faa conta.\" \/>\n<meta property=\"og:url\" content=\"https:\/\/forogaliciaevalleinclan.com\/es\/la-mina-cuenta\/\" \/>\n<meta property=\"og:site_name\" content=\"Foro Galicia e Valle-Incl\u00e1n\" \/>\n<meta property=\"article:modified_time\" content=\"2026-03-30T12:53:55+00:00\" \/>\n<meta property=\"og:image\" content=\"https:\/\/forogaliciaevalleinclan.com\/wp-content\/uploads\/2025\/07\/ESTA-1-1.jpg\" \/>\n\t<meta property=\"og:image:width\" content=\"1000\" \/>\n\t<meta property=\"og:image:height\" content=\"1600\" \/>\n\t<meta property=\"og:image:type\" content=\"image\/jpeg\" \/>\n<meta name=\"twitter:card\" content=\"summary_large_image\" \/>\n<script type=\"application\/ld+json\" class=\"yoast-schema-graph\">{\"@context\":\"https:\\\/\\\/schema.org\",\"@graph\":[{\"@type\":\"WebPage\",\"@id\":\"https:\\\/\\\/forogaliciaevalleinclan.com\\\/a-mina-conta\\\/\",\"url\":\"https:\\\/\\\/forogaliciaevalleinclan.com\\\/a-mina-conta\\\/\",\"name\":\"A mi\u00f1a conta - Foro Galicia e Valle-Incl\u00e1n\",\"isPartOf\":{\"@id\":\"https:\\\/\\\/forogaliciaevalleinclan.com\\\/#website\"},\"datePublished\":\"2026-03-30T09:26:42+00:00\",\"dateModified\":\"2026-03-30T12:53:55+00:00\",\"breadcrumb\":{\"@id\":\"https:\\\/\\\/forogaliciaevalleinclan.com\\\/a-mina-conta\\\/#breadcrumb\"},\"inLanguage\":\"es\",\"potentialAction\":[{\"@type\":\"ReadAction\",\"target\":[\"https:\\\/\\\/forogaliciaevalleinclan.com\\\/a-mina-conta\\\/\"]}]},{\"@type\":\"BreadcrumbList\",\"@id\":\"https:\\\/\\\/forogaliciaevalleinclan.com\\\/a-mina-conta\\\/#breadcrumb\",\"itemListElement\":[{\"@type\":\"ListItem\",\"position\":1,\"name\":\"Inicio\",\"item\":\"https:\\\/\\\/forogaliciaevalleinclan.com\\\/\"},{\"@type\":\"ListItem\",\"position\":2,\"name\":\"A mi\u00f1a conta\"}]},{\"@type\":\"WebSite\",\"@id\":\"https:\\\/\\\/forogaliciaevalleinclan.com\\\/#website\",\"url\":\"https:\\\/\\\/forogaliciaevalleinclan.com\\\/\",\"name\":\"Foro Galicia e Valle-Incl\u00e1n\",\"description\":\"Promover a democratizaci\u00f3n do co\u00f1ecemento p\u00fablico sobre a biograf\u00eda, a xenialidade e a obra literaria do escritor Ram\u00f3n del Valle-Incl\u00e1n\",\"publisher\":{\"@id\":\"https:\\\/\\\/forogaliciaevalleinclan.com\\\/#organization\"},\"alternateName\":\"Foro Galicia e Valle-Incl\u00e1n\",\"potentialAction\":[{\"@type\":\"SearchAction\",\"target\":{\"@type\":\"EntryPoint\",\"urlTemplate\":\"https:\\\/\\\/forogaliciaevalleinclan.com\\\/?s={search_term_string}\"},\"query-input\":{\"@type\":\"PropertyValueSpecification\",\"valueRequired\":true,\"valueName\":\"search_term_string\"}}],\"inLanguage\":\"es\"},{\"@type\":\"Organization\",\"@id\":\"https:\\\/\\\/forogaliciaevalleinclan.com\\\/#organization\",\"name\":\"Foro Galicia e Valle-Incl\u00e1n\",\"alternateName\":\"Foro Galicia e Valle-Incl\u00e1n\",\"url\":\"https:\\\/\\\/forogaliciaevalleinclan.com\\\/\",\"logo\":{\"@type\":\"ImageObject\",\"inLanguage\":\"es\",\"@id\":\"https:\\\/\\\/forogaliciaevalleinclan.com\\\/#\\\/schema\\\/logo\\\/image\\\/\",\"url\":\"https:\\\/\\\/forogaliciaevalleinclan.com\\\/wp-content\\\/uploads\\\/2026\\\/03\\\/logo-foro-galicia-e-valle-inclan.png\",\"contentUrl\":\"https:\\\/\\\/forogaliciaevalleinclan.com\\\/wp-content\\\/uploads\\\/2026\\\/03\\\/logo-foro-galicia-e-valle-inclan.png\",\"width\":810,\"height\":570,\"caption\":\"Foro Galicia e Valle-Incl\u00e1n\"},\"image\":{\"@id\":\"https:\\\/\\\/forogaliciaevalleinclan.com\\\/#\\\/schema\\\/logo\\\/image\\\/\"}}]}<\/script>\n<!-- \/ Yoast SEO plugin. -->","yoast_head_json":{"title":"Mi cuenta - Foro de Galicia y Valle-Incl\u00e1n","robots":{"index":"index","follow":"follow","max-snippet":"max-snippet:-1","max-image-preview":"max-image-preview:large","max-video-preview":"max-video-preview:-1"},"canonical":"https:\/\/forogaliciaevalleinclan.com\/es\/la-mina-cuenta\/","og_locale":"es_ES","og_type":"article","og_title":"A mi\u00f1a conta - Foro Galicia e Valle-Incl\u00e1n","og_description":"Escritorio Pedidos Descargas Direcciones Detalles de la cuenta Cerrar sesi\u00f3n Ola desafioadmin (non es desafioadmin? Sa\u00edr) Dende o panel de control da t\u00faa conta podes ver os teus pedidos recentes, xestionar os teus enderezos de env\u00edo e facturaci\u00f3n e editar o teu contrasinal e os detalles da t\u00faa conta.","og_url":"https:\/\/forogaliciaevalleinclan.com\/es\/la-mina-cuenta\/","og_site_name":"Foro Galicia e Valle-Incl\u00e1n","article_modified_time":"2026-03-30T12:53:55+00:00","og_image":[{"width":1000,"height":1600,"url":"https:\/\/forogaliciaevalleinclan.com\/wp-content\/uploads\/2025\/07\/ESTA-1-1.jpg","type":"image\/jpeg"}],"twitter_card":"summary_large_image","schema":{"@context":"https:\/\/schema.org","@graph":[{"@type":"WebPage","@id":"https:\/\/forogaliciaevalleinclan.com\/a-mina-conta\/","url":"https:\/\/forogaliciaevalleinclan.com\/a-mina-conta\/","name":"Mi cuenta - Foro de Galicia y Valle-Incl\u00e1n","isPartOf":{"@id":"https:\/\/forogaliciaevalleinclan.com\/#website"},"datePublished":"2026-03-30T09:26:42+00:00","dateModified":"2026-03-30T12:53:55+00:00","breadcrumb":{"@id":"https:\/\/forogaliciaevalleinclan.com\/a-mina-conta\/#breadcrumb"},"inLanguage":"es","potentialAction":[{"@type":"ReadAction","target":["https:\/\/forogaliciaevalleinclan.com\/a-mina-conta\/"]}]},{"@type":"BreadcrumbList","@id":"https:\/\/forogaliciaevalleinclan.com\/a-mina-conta\/#breadcrumb","itemListElement":[{"@type":"ListItem","position":1,"name":"Inicio","item":"https:\/\/forogaliciaevalleinclan.com\/"},{"@type":"ListItem","position":2,"name":"A mi\u00f1a conta"}]},{"@type":"WebSite","@id":"https:\/\/forogaliciaevalleinclan.com\/#website","url":"https:\/\/forogaliciaevalleinclan.com\/","name":"Foro de Galicia y Valle-Incl\u00e1n","description":"Promover la democratizaci\u00f3n del conocimiento p\u00fablico sobre la biograf\u00eda, el genio y la obra literaria del escritor Ram\u00f3n del Valle-Incl\u00e1n.","publisher":{"@id":"https:\/\/forogaliciaevalleinclan.com\/#organization"},"alternateName":"Foro Galicia e Valle-Incl\u00e1n","potentialAction":[{"@type":"SearchAction","target":{"@type":"EntryPoint","urlTemplate":"https:\/\/forogaliciaevalleinclan.com\/?s={search_term_string}"},"query-input":{"@type":"PropertyValueSpecification","valueRequired":true,"valueName":"search_term_string"}}],"inLanguage":"es"},{"@type":"Organization","@id":"https:\/\/forogaliciaevalleinclan.com\/#organization","name":"Foro de Galicia y Valle-Incl\u00e1n","alternateName":"Foro Galicia e Valle-Incl\u00e1n","url":"https:\/\/forogaliciaevalleinclan.com\/","logo":{"@type":"ImageObject","inLanguage":"es","@id":"https:\/\/forogaliciaevalleinclan.com\/#\/schema\/logo\/image\/","url":"https:\/\/forogaliciaevalleinclan.com\/wp-content\/uploads\/2026\/03\/logo-foro-galicia-e-valle-inclan.png","contentUrl":"https:\/\/forogaliciaevalleinclan.com\/wp-content\/uploads\/2026\/03\/logo-foro-galicia-e-valle-inclan.png","width":810,"height":570,"caption":"Foro Galicia e Valle-Incl\u00e1n"},"image":{"@id":"https:\/\/forogaliciaevalleinclan.com\/#\/schema\/logo\/image\/"}}]}},"_links":{"self":[{"href":"https:\/\/forogaliciaevalleinclan.com\/es\/wp-json\/wp\/v2\/pages\/584","targetHints":{"allow":["GET"]}}],"collection":[{"href":"https:\/\/forogaliciaevalleinclan.com\/es\/wp-json\/wp\/v2\/pages"}],"about":[{"href":"https:\/\/forogaliciaevalleinclan.com\/es\/wp-json\/wp\/v2\/types\/page"}],"author":[{"embeddable":true,"href":"https:\/\/forogaliciaevalleinclan.com\/es\/wp-json\/wp\/v2\/users\/3"}],"replies":[{"embeddable":true,"href":"https:\/\/forogaliciaevalleinclan.com\/es\/wp-json\/wp\/v2\/comments?post=584"}],"version-history":[{"count":19,"href":"https:\/\/forogaliciaevalleinclan.com\/es\/wp-json\/wp\/v2\/pages\/584\/revisions"}],"predecessor-version":[{"id":753,"href":"https:\/\/forogaliciaevalleinclan.com\/es\/wp-json\/wp\/v2\/pages\/584\/revisions\/753"}],"wp:attachment":[{"href":"https:\/\/forogaliciaevalleinclan.com\/es\/wp-json\/wp\/v2\/media?parent=584"}],"curies":[{"name":"wp","href":"https:\/\/api.w.org\/{rel}","templated":true}]}}