{"id":914,"date":"2026-04-01T13:25:16","date_gmt":"2026-04-01T11:25:16","guid":{"rendered":"https:\/\/forogaliciaevalleinclan.com\/?page_id=914"},"modified":"2026-04-01T13:33:50","modified_gmt":"2026-04-01T11:33:50","slug":"termos-e-condicion-asociado-a","status":"publish","type":"page","link":"https:\/\/forogaliciaevalleinclan.com\/es\/termos-e-condicion-asociado-a\/","title":{"rendered":"T\u00e9rminos y condiciones aplicables"},"content":{"rendered":"<h2 class=\"wp-block-heading\">Alta como persoa asociada<\/h2>\n\n\n\n<p>A alta na asociaci\u00f3n implica a aceptaci\u00f3n destes termos e o compromiso de cumprir cos seus fins e actividades.<\/p>\n\n\n\n<h2 class=\"wp-block-heading\">Cotas<\/h2>\n\n\n\n<p>A persoa asociada comprom\u00e9tese ao pagamento das cotas establecidas pola entidade, con car\u00e1cter mensual ou na periodicidade indicada.<\/p>\n\n\n\n<h2 class=\"wp-block-heading\">Domiciliaci\u00f3n bancaria<\/h2>\n\n\n\n<p>A persoa asociada autoriza expresamente a Foro Galicia e Valle-Incl\u00e1n a realizar cargos peri\u00f3dicos na conta bancaria facilitada.<\/p>\n\n\n\n<p>Esta autorizaci\u00f3n manterase vixente ata a s\u00faa revogaci\u00f3n expresa por parte da persa asociada.<\/p>\n\n\n\n<h2 class=\"wp-block-heading\">Obrigas da persoa asociada<\/h2>\n\n\n\n<ul class=\"wp-block-list\">\n<li>Facilitar datos veraces e actualizados.<\/li>\n\n\n\n<li>Cumprir cos estatutos da asociaci\u00f3n.<\/li>\n\n\n\n<li>Colaborar co correcto funcionamento da entidade.<\/li>\n<\/ul>\n\n\n\n<h2 class=\"wp-block-heading\">Baixa<\/h2>\n\n\n\n<p>A persoa asociada poder\u00e1 solicitar a baixa en calquera momento mediante comunicaci\u00f3n por escrito.<\/p>\n\n\n\n<h2 class=\"wp-block-heading\">Protecci\u00f3n de datos<\/h2>\n\n\n\n<p>Os datos ser\u00e1n tratados conforme \u00e1 pol\u00edtica de privacidade da entidade.<\/p>","protected":false},"excerpt":{"rendered":"<p>Alta como persoa asociada A alta na asociaci\u00f3n implica a aceptaci\u00f3n destes termos e o compromiso de cumprir cos seus fins e actividades. Cotas A persoa asociada comprom\u00e9tese ao pagamento das cotas establecidas pola entidade, con car\u00e1cter mensual ou na periodicidade indicada. Domiciliaci\u00f3n bancaria A persoa asociada autoriza expresamente a Foro Galicia e Valle-Incl\u00e1n a [&hellip;]<\/p>\n","protected":false},"author":2,"featured_media":0,"parent":0,"menu_order":0,"comment_status":"closed","ping_status":"closed","template":"","meta":{"footnotes":""},"class_list":["post-914","page","type-page","status-publish","hentry"],"yoast_head":"<!-- This site is optimized with the Yoast SEO plugin v27.3 - https:\/\/yoast.com\/product\/yoast-seo-wordpress\/ -->\n<title>Termos e condici\u00f3n asociado\/a - Foro Galicia e Valle-Incl\u00e1n<\/title>\n<meta name=\"robots\" content=\"index, follow, max-snippet:-1, max-image-preview:large, max-video-preview:-1\" \/>\n<link rel=\"canonical\" href=\"https:\/\/forogaliciaevalleinclan.com\/es\/termos-e-condicion-asociado-a\/\" \/>\n<meta property=\"og:locale\" content=\"es_ES\" \/>\n<meta property=\"og:type\" content=\"article\" \/>\n<meta property=\"og:title\" content=\"Termos e condici\u00f3n asociado\/a - Foro Galicia e Valle-Incl\u00e1n\" \/>\n<meta property=\"og:description\" content=\"Alta como persoa asociada A alta na asociaci\u00f3n implica a aceptaci\u00f3n destes termos e o compromiso de cumprir cos seus fins e actividades. Cotas A persoa asociada comprom\u00e9tese ao pagamento das cotas establecidas pola entidade, con car\u00e1cter mensual ou na periodicidade indicada. Domiciliaci\u00f3n bancaria A persoa asociada autoriza expresamente a Foro Galicia e Valle-Incl\u00e1n a [&hellip;]\" \/>\n<meta property=\"og:url\" content=\"https:\/\/forogaliciaevalleinclan.com\/es\/termos-e-condicion-asociado-a\/\" \/>\n<meta property=\"og:site_name\" content=\"Foro Galicia e Valle-Incl\u00e1n\" \/>\n<meta property=\"article:modified_time\" content=\"2026-04-01T11:33:50+00:00\" \/>\n<meta property=\"og:image\" content=\"https:\/\/forogaliciaevalleinclan.com\/wp-content\/uploads\/2025\/07\/ESTA-1-1.jpg\" \/>\n\t<meta property=\"og:image:width\" content=\"1000\" \/>\n\t<meta property=\"og:image:height\" content=\"1600\" \/>\n\t<meta property=\"og:image:type\" content=\"image\/jpeg\" \/>\n<meta name=\"twitter:card\" content=\"summary_large_image\" \/>\n<meta name=\"twitter:label1\" content=\"Tiempo de lectura\" \/>\n\t<meta name=\"twitter:data1\" content=\"1 minuto\" \/>\n<script type=\"application\/ld+json\" class=\"yoast-schema-graph\">{\"@context\":\"https:\\\/\\\/schema.org\",\"@graph\":[{\"@type\":\"WebPage\",\"@id\":\"https:\\\/\\\/forogaliciaevalleinclan.com\\\/termos-e-condicion-asociado-a\\\/\",\"url\":\"https:\\\/\\\/forogaliciaevalleinclan.com\\\/termos-e-condicion-asociado-a\\\/\",\"name\":\"Termos e condici\u00f3n asociado\\\/a - Foro Galicia e Valle-Incl\u00e1n\",\"isPartOf\":{\"@id\":\"https:\\\/\\\/forogaliciaevalleinclan.com\\\/#website\"},\"datePublished\":\"2026-04-01T11:25:16+00:00\",\"dateModified\":\"2026-04-01T11:33:50+00:00\",\"breadcrumb\":{\"@id\":\"https:\\\/\\\/forogaliciaevalleinclan.com\\\/termos-e-condicion-asociado-a\\\/#breadcrumb\"},\"inLanguage\":\"es\",\"potentialAction\":[{\"@type\":\"ReadAction\",\"target\":[\"https:\\\/\\\/forogaliciaevalleinclan.com\\\/termos-e-condicion-asociado-a\\\/\"]}]},{\"@type\":\"BreadcrumbList\",\"@id\":\"https:\\\/\\\/forogaliciaevalleinclan.com\\\/termos-e-condicion-asociado-a\\\/#breadcrumb\",\"itemListElement\":[{\"@type\":\"ListItem\",\"position\":1,\"name\":\"Inicio\",\"item\":\"https:\\\/\\\/forogaliciaevalleinclan.com\\\/\"},{\"@type\":\"ListItem\",\"position\":2,\"name\":\"Termos e condici\u00f3n asociado\\\/a\"}]},{\"@type\":\"WebSite\",\"@id\":\"https:\\\/\\\/forogaliciaevalleinclan.com\\\/#website\",\"url\":\"https:\\\/\\\/forogaliciaevalleinclan.com\\\/\",\"name\":\"Foro Galicia e Valle-Incl\u00e1n\",\"description\":\"Promover a democratizaci\u00f3n do co\u00f1ecemento p\u00fablico sobre a biograf\u00eda, a xenialidade e a obra literaria do escritor Ram\u00f3n del Valle-Incl\u00e1n\",\"publisher\":{\"@id\":\"https:\\\/\\\/forogaliciaevalleinclan.com\\\/#organization\"},\"alternateName\":\"Foro Galicia e Valle-Incl\u00e1n\",\"potentialAction\":[{\"@type\":\"SearchAction\",\"target\":{\"@type\":\"EntryPoint\",\"urlTemplate\":\"https:\\\/\\\/forogaliciaevalleinclan.com\\\/?s={search_term_string}\"},\"query-input\":{\"@type\":\"PropertyValueSpecification\",\"valueRequired\":true,\"valueName\":\"search_term_string\"}}],\"inLanguage\":\"es\"},{\"@type\":\"Organization\",\"@id\":\"https:\\\/\\\/forogaliciaevalleinclan.com\\\/#organization\",\"name\":\"Foro Galicia e Valle-Incl\u00e1n\",\"alternateName\":\"Foro Galicia e Valle-Incl\u00e1n\",\"url\":\"https:\\\/\\\/forogaliciaevalleinclan.com\\\/\",\"logo\":{\"@type\":\"ImageObject\",\"inLanguage\":\"es\",\"@id\":\"https:\\\/\\\/forogaliciaevalleinclan.com\\\/#\\\/schema\\\/logo\\\/image\\\/\",\"url\":\"https:\\\/\\\/forogaliciaevalleinclan.com\\\/wp-content\\\/uploads\\\/2026\\\/03\\\/logo-foro-galicia-e-valle-inclan.png\",\"contentUrl\":\"https:\\\/\\\/forogaliciaevalleinclan.com\\\/wp-content\\\/uploads\\\/2026\\\/03\\\/logo-foro-galicia-e-valle-inclan.png\",\"width\":810,\"height\":570,\"caption\":\"Foro Galicia e Valle-Incl\u00e1n\"},\"image\":{\"@id\":\"https:\\\/\\\/forogaliciaevalleinclan.com\\\/#\\\/schema\\\/logo\\\/image\\\/\"}}]}<\/script>\n<!-- \/ Yoast SEO plugin. -->","yoast_head_json":{"title":"Termos e condici\u00f3n asociado\/a - Foro Galicia e Valle-Incl\u00e1n","robots":{"index":"index","follow":"follow","max-snippet":"max-snippet:-1","max-image-preview":"max-image-preview:large","max-video-preview":"max-video-preview:-1"},"canonical":"https:\/\/forogaliciaevalleinclan.com\/es\/termos-e-condicion-asociado-a\/","og_locale":"es_ES","og_type":"article","og_title":"Termos e condici\u00f3n asociado\/a - Foro Galicia e Valle-Incl\u00e1n","og_description":"Alta como persoa asociada A alta na asociaci\u00f3n implica a aceptaci\u00f3n destes termos e o compromiso de cumprir cos seus fins e actividades. Cotas A persoa asociada comprom\u00e9tese ao pagamento das cotas establecidas pola entidade, con car\u00e1cter mensual ou na periodicidade indicada. Domiciliaci\u00f3n bancaria A persoa asociada autoriza expresamente a Foro Galicia e Valle-Incl\u00e1n a [&hellip;]","og_url":"https:\/\/forogaliciaevalleinclan.com\/es\/termos-e-condicion-asociado-a\/","og_site_name":"Foro Galicia e Valle-Incl\u00e1n","article_modified_time":"2026-04-01T11:33:50+00:00","og_image":[{"width":1000,"height":1600,"url":"https:\/\/forogaliciaevalleinclan.com\/wp-content\/uploads\/2025\/07\/ESTA-1-1.jpg","type":"image\/jpeg"}],"twitter_card":"summary_large_image","twitter_misc":{"Tiempo de lectura":"1 minuto"},"schema":{"@context":"https:\/\/schema.org","@graph":[{"@type":"WebPage","@id":"https:\/\/forogaliciaevalleinclan.com\/termos-e-condicion-asociado-a\/","url":"https:\/\/forogaliciaevalleinclan.com\/termos-e-condicion-asociado-a\/","name":"Termos e condici\u00f3n asociado\/a - Foro Galicia e Valle-Incl\u00e1n","isPartOf":{"@id":"https:\/\/forogaliciaevalleinclan.com\/#website"},"datePublished":"2026-04-01T11:25:16+00:00","dateModified":"2026-04-01T11:33:50+00:00","breadcrumb":{"@id":"https:\/\/forogaliciaevalleinclan.com\/termos-e-condicion-asociado-a\/#breadcrumb"},"inLanguage":"es","potentialAction":[{"@type":"ReadAction","target":["https:\/\/forogaliciaevalleinclan.com\/termos-e-condicion-asociado-a\/"]}]},{"@type":"BreadcrumbList","@id":"https:\/\/forogaliciaevalleinclan.com\/termos-e-condicion-asociado-a\/#breadcrumb","itemListElement":[{"@type":"ListItem","position":1,"name":"Inicio","item":"https:\/\/forogaliciaevalleinclan.com\/"},{"@type":"ListItem","position":2,"name":"Termos e condici\u00f3n asociado\/a"}]},{"@type":"WebSite","@id":"https:\/\/forogaliciaevalleinclan.com\/#website","url":"https:\/\/forogaliciaevalleinclan.com\/","name":"Foro de Galicia y Valle-Incl\u00e1n","description":"Promover la democratizaci\u00f3n del conocimiento p\u00fablico sobre la biograf\u00eda, el genio y la obra literaria del escritor Ram\u00f3n del Valle-Incl\u00e1n.","publisher":{"@id":"https:\/\/forogaliciaevalleinclan.com\/#organization"},"alternateName":"Foro Galicia e Valle-Incl\u00e1n","potentialAction":[{"@type":"SearchAction","target":{"@type":"EntryPoint","urlTemplate":"https:\/\/forogaliciaevalleinclan.com\/?s={search_term_string}"},"query-input":{"@type":"PropertyValueSpecification","valueRequired":true,"valueName":"search_term_string"}}],"inLanguage":"es"},{"@type":"Organization","@id":"https:\/\/forogaliciaevalleinclan.com\/#organization","name":"Foro de Galicia y Valle-Incl\u00e1n","alternateName":"Foro Galicia e Valle-Incl\u00e1n","url":"https:\/\/forogaliciaevalleinclan.com\/","logo":{"@type":"ImageObject","inLanguage":"es","@id":"https:\/\/forogaliciaevalleinclan.com\/#\/schema\/logo\/image\/","url":"https:\/\/forogaliciaevalleinclan.com\/wp-content\/uploads\/2026\/03\/logo-foro-galicia-e-valle-inclan.png","contentUrl":"https:\/\/forogaliciaevalleinclan.com\/wp-content\/uploads\/2026\/03\/logo-foro-galicia-e-valle-inclan.png","width":810,"height":570,"caption":"Foro Galicia e Valle-Incl\u00e1n"},"image":{"@id":"https:\/\/forogaliciaevalleinclan.com\/#\/schema\/logo\/image\/"}}]}},"_links":{"self":[{"href":"https:\/\/forogaliciaevalleinclan.com\/es\/wp-json\/wp\/v2\/pages\/914","targetHints":{"allow":["GET"]}}],"collection":[{"href":"https:\/\/forogaliciaevalleinclan.com\/es\/wp-json\/wp\/v2\/pages"}],"about":[{"href":"https:\/\/forogaliciaevalleinclan.com\/es\/wp-json\/wp\/v2\/types\/page"}],"author":[{"embeddable":true,"href":"https:\/\/forogaliciaevalleinclan.com\/es\/wp-json\/wp\/v2\/users\/2"}],"replies":[{"embeddable":true,"href":"https:\/\/forogaliciaevalleinclan.com\/es\/wp-json\/wp\/v2\/comments?post=914"}],"version-history":[{"count":3,"href":"https:\/\/forogaliciaevalleinclan.com\/es\/wp-json\/wp\/v2\/pages\/914\/revisions"}],"predecessor-version":[{"id":927,"href":"https:\/\/forogaliciaevalleinclan.com\/es\/wp-json\/wp\/v2\/pages\/914\/revisions\/927"}],"wp:attachment":[{"href":"https:\/\/forogaliciaevalleinclan.com\/es\/wp-json\/wp\/v2\/media?parent=914"}],"curies":[{"name":"wp","href":"https:\/\/api.w.org\/{rel}","templated":true}]}}