{"id":593,"date":"2026-03-30T11:53:04","date_gmt":"2026-03-30T09:53:04","guid":{"rendered":"https:\/\/forogaliciaevalleinclan.com\/?post_type=product&#038;p=593"},"modified":"2026-04-06T12:11:27","modified_gmt":"2026-04-06T10:11:27","slug":"foro-de-galicia-y-valle-inclan","status":"publish","type":"product","link":"https:\/\/forogaliciaevalleinclan.com\/es\/produto\/foro-galicia-e-valle-inclan\/","title":{"rendered":"Foro de Galicia y Valle-Incl\u00e1n"},"content":{"rendered":"","protected":false},"excerpt":{"rendered":"<p>Publicaci\u00f3n de estudios sobre Ram\u00f3n del Valle-Incl\u00e1n. A\u00f1o I, n.\u00ba 1, 2024. Edici\u00f3n biling\u00fce (espa\u00f1ol \u2013 gallego).<\/p>\n<p>Valdeca\u00f1as, Herminio: \u201cApuntes sobre la amistad y los manuscritos: Rub\u00e9n Dar\u00edo y Valle-Incl\u00e1n\u201d; Viana, V\u00edctor: \u201cPedro Seoane Varela\u201d; Valle-Incl\u00e1n, Joaqu\u00edn del: \u201cEpithalamium, la cr\u00edtica y un duelo no librado\u201d; traducci\u00f3n al gallego de Roc\u00edo Vi\u00e9itez Ferro.<\/p>\n<p>Publicaci\u00f3n editada en colaboraci\u00f3n con el Ayuntamiento de Pobra do Carami\u00f1al y la Direcci\u00f3n General de Cultura de la Xunta de Galicia.<\/p>","protected":false},"featured_media":594,"template":"","meta":[],"product_brand":[],"product_cat":[22],"product_tag":[],"class_list":{"0":"post-593","1":"product","2":"type-product","3":"status-publish","4":"has-post-thumbnail","6":"product_cat-libros","8":"first","9":"instock","10":"taxable","11":"shipping-taxable","12":"purchasable","13":"product-type-simple"},"yoast_head":"<!-- This site is optimized with the Yoast SEO plugin v27.3 - https:\/\/yoast.com\/product\/yoast-seo-wordpress\/ -->\n<title>Foro Galicia e Valle-Incl\u00e1n - Foro Galicia e Valle-Incl\u00e1n<\/title>\n<meta name=\"robots\" content=\"index, follow, max-snippet:-1, max-image-preview:large, max-video-preview:-1\" \/>\n<link rel=\"canonical\" href=\"https:\/\/forogaliciaevalleinclan.com\/es\/producto\/foro-de-galicia-y-valle-inclan\/\" \/>\n<meta property=\"og:locale\" content=\"es_ES\" \/>\n<meta property=\"og:type\" content=\"article\" \/>\n<meta property=\"og:title\" content=\"Foro Galicia e Valle-Incl\u00e1n - Foro Galicia e Valle-Incl\u00e1n\" \/>\n<meta property=\"og:description\" content=\"Publicaci\u00f3n de estudios sobre Ram\u00f3n del Valle-Incl\u00e1n. A\u00f1o I, No 1, 2024. Edici\u00f3n biling\u00fce (castellano \u2013 gallego).  Valdeca\u00f1as, Herminio: \u201cNotas de amistad y manuscritos: Rub\u00e9n Dar\u00edo y Valle-Incl\u00e1n\u201d; Viana, V\u00edctor: \u201cPedro Seoane Varela\u201d; Valle-Incl\u00e1n, Joaqu\u00edn del: \u201cEpitalamio, la cr\u00edtica y un duelo no celebrado\u201d; traduci\u00f3n ao galego de Roc\u00edo Vi\u00e9itez Ferro.  Exemplar editado coa colaboraci\u00f3n do Concello da Pobra do Carami\u00f1al e da Direcci\u00f3n Xeral de Cultura \u2013 Xunta de Galicia.\" \/>\n<meta property=\"og:url\" content=\"https:\/\/forogaliciaevalleinclan.com\/es\/producto\/foro-de-galicia-y-valle-inclan\/\" \/>\n<meta property=\"og:site_name\" content=\"Foro Galicia e Valle-Incl\u00e1n\" \/>\n<meta property=\"article:modified_time\" content=\"2026-04-06T10:11:27+00:00\" \/>\n<meta property=\"og:image\" content=\"https:\/\/forogaliciaevalleinclan.com\/wp-content\/uploads\/2026\/03\/estudio.jpg\" \/>\n\t<meta property=\"og:image:width\" content=\"540\" \/>\n\t<meta property=\"og:image:height\" content=\"749\" \/>\n\t<meta property=\"og:image:type\" content=\"image\/jpeg\" \/>\n<meta name=\"twitter:card\" content=\"summary_large_image\" \/>\n<meta name=\"twitter:label1\" content=\"Tiempo de lectura\" \/>\n\t<meta name=\"twitter:data1\" content=\"1 minuto\" \/>\n<script type=\"application\/ld+json\" class=\"yoast-schema-graph\">{\"@context\":\"https:\\\/\\\/schema.org\",\"@graph\":[{\"@type\":\"WebPage\",\"@id\":\"https:\\\/\\\/forogaliciaevalleinclan.com\\\/es\\\/producto\\\/foro-de-galicia-y-valle-inclan\\\/\",\"url\":\"https:\\\/\\\/forogaliciaevalleinclan.com\\\/es\\\/producto\\\/foro-de-galicia-y-valle-inclan\\\/\",\"name\":\"Foro Galicia e Valle-Incl\u00e1n - Foro Galicia e Valle-Incl\u00e1n\",\"isPartOf\":{\"@id\":\"https:\\\/\\\/forogaliciaevalleinclan.com\\\/#website\"},\"primaryImageOfPage\":{\"@id\":\"https:\\\/\\\/forogaliciaevalleinclan.com\\\/es\\\/producto\\\/foro-de-galicia-y-valle-inclan\\\/#primaryimage\"},\"image\":{\"@id\":\"https:\\\/\\\/forogaliciaevalleinclan.com\\\/es\\\/producto\\\/foro-de-galicia-y-valle-inclan\\\/#primaryimage\"},\"thumbnailUrl\":\"https:\\\/\\\/forogaliciaevalleinclan.com\\\/wp-content\\\/uploads\\\/2026\\\/03\\\/estudio.jpg\",\"datePublished\":\"2026-03-30T09:53:04+00:00\",\"dateModified\":\"2026-04-06T10:11:27+00:00\",\"breadcrumb\":{\"@id\":\"https:\\\/\\\/forogaliciaevalleinclan.com\\\/es\\\/producto\\\/foro-de-galicia-y-valle-inclan\\\/#breadcrumb\"},\"inLanguage\":\"es\",\"potentialAction\":[{\"@type\":\"ReadAction\",\"target\":[\"https:\\\/\\\/forogaliciaevalleinclan.com\\\/es\\\/producto\\\/foro-de-galicia-y-valle-inclan\\\/\"]}]},{\"@type\":\"ImageObject\",\"inLanguage\":\"es\",\"@id\":\"https:\\\/\\\/forogaliciaevalleinclan.com\\\/es\\\/producto\\\/foro-de-galicia-y-valle-inclan\\\/#primaryimage\",\"url\":\"https:\\\/\\\/forogaliciaevalleinclan.com\\\/wp-content\\\/uploads\\\/2026\\\/03\\\/estudio.jpg\",\"contentUrl\":\"https:\\\/\\\/forogaliciaevalleinclan.com\\\/wp-content\\\/uploads\\\/2026\\\/03\\\/estudio.jpg\",\"width\":540,\"height\":749,\"caption\":\"estudio Ram\u00f3n del Valle-Incl\u00e1n\"},{\"@type\":\"BreadcrumbList\",\"@id\":\"https:\\\/\\\/forogaliciaevalleinclan.com\\\/es\\\/producto\\\/foro-de-galicia-y-valle-inclan\\\/#breadcrumb\",\"itemListElement\":[{\"@type\":\"ListItem\",\"position\":1,\"name\":\"Inicio\",\"item\":\"https:\\\/\\\/forogaliciaevalleinclan.com\\\/\"},{\"@type\":\"ListItem\",\"position\":2,\"name\":\"Tenda\",\"item\":\"https:\\\/\\\/forogaliciaevalleinclan.com\\\/tenda\\\/\"},{\"@type\":\"ListItem\",\"position\":3,\"name\":\"Foro Galicia e Valle-Incl\u00e1n\"}]},{\"@type\":\"WebSite\",\"@id\":\"https:\\\/\\\/forogaliciaevalleinclan.com\\\/#website\",\"url\":\"https:\\\/\\\/forogaliciaevalleinclan.com\\\/\",\"name\":\"Foro Galicia e Valle-Incl\u00e1n\",\"description\":\"Promover a democratizaci\u00f3n do co\u00f1ecemento p\u00fablico sobre a biograf\u00eda, a xenialidade e a obra literaria do escritor Ram\u00f3n del Valle-Incl\u00e1n\",\"publisher\":{\"@id\":\"https:\\\/\\\/forogaliciaevalleinclan.com\\\/#organization\"},\"alternateName\":\"Foro Galicia e Valle-Incl\u00e1n\",\"potentialAction\":[{\"@type\":\"SearchAction\",\"target\":{\"@type\":\"EntryPoint\",\"urlTemplate\":\"https:\\\/\\\/forogaliciaevalleinclan.com\\\/?s={search_term_string}\"},\"query-input\":{\"@type\":\"PropertyValueSpecification\",\"valueRequired\":true,\"valueName\":\"search_term_string\"}}],\"inLanguage\":\"es\"},{\"@type\":\"Organization\",\"@id\":\"https:\\\/\\\/forogaliciaevalleinclan.com\\\/#organization\",\"name\":\"Foro Galicia e Valle-Incl\u00e1n\",\"alternateName\":\"Foro Galicia e Valle-Incl\u00e1n\",\"url\":\"https:\\\/\\\/forogaliciaevalleinclan.com\\\/\",\"logo\":{\"@type\":\"ImageObject\",\"inLanguage\":\"es\",\"@id\":\"https:\\\/\\\/forogaliciaevalleinclan.com\\\/#\\\/schema\\\/logo\\\/image\\\/\",\"url\":\"https:\\\/\\\/forogaliciaevalleinclan.com\\\/wp-content\\\/uploads\\\/2026\\\/03\\\/logo-foro-galicia-e-valle-inclan.png\",\"contentUrl\":\"https:\\\/\\\/forogaliciaevalleinclan.com\\\/wp-content\\\/uploads\\\/2026\\\/03\\\/logo-foro-galicia-e-valle-inclan.png\",\"width\":810,\"height\":570,\"caption\":\"Foro Galicia e Valle-Incl\u00e1n\"},\"image\":{\"@id\":\"https:\\\/\\\/forogaliciaevalleinclan.com\\\/#\\\/schema\\\/logo\\\/image\\\/\"}}]}<\/script>\n<!-- \/ Yoast SEO plugin. -->","yoast_head_json":{"title":"Foro de Galicia y Valle-Incl\u00e1n - Foro de Galicia y Valle-Incl\u00e1n","robots":{"index":"index","follow":"follow","max-snippet":"max-snippet:-1","max-image-preview":"max-image-preview:large","max-video-preview":"max-video-preview:-1"},"canonical":"https:\/\/forogaliciaevalleinclan.com\/es\/producto\/foro-de-galicia-y-valle-inclan\/","og_locale":"es_ES","og_type":"article","og_title":"Foro Galicia e Valle-Incl\u00e1n - Foro Galicia e Valle-Incl\u00e1n","og_description":"Publicaci\u00f3n de estudios sobre Ram\u00f3n del Valle-Incl\u00e1n. A\u00f1o I, No 1, 2024. Edici\u00f3n biling\u00fce (castellano \u2013 gallego).  Valdeca\u00f1as, Herminio: \u201cNotas de amistad y manuscritos: Rub\u00e9n Dar\u00edo y Valle-Incl\u00e1n\u201d; Viana, V\u00edctor: \u201cPedro Seoane Varela\u201d; Valle-Incl\u00e1n, Joaqu\u00edn del: \u201cEpitalamio, la cr\u00edtica y un duelo no celebrado\u201d; traduci\u00f3n ao galego de Roc\u00edo Vi\u00e9itez Ferro.  Exemplar editado coa colaboraci\u00f3n do Concello da Pobra do Carami\u00f1al e da Direcci\u00f3n Xeral de Cultura \u2013 Xunta de Galicia.","og_url":"https:\/\/forogaliciaevalleinclan.com\/es\/producto\/foro-de-galicia-y-valle-inclan\/","og_site_name":"Foro Galicia e Valle-Incl\u00e1n","article_modified_time":"2026-04-06T10:11:27+00:00","og_image":[{"width":540,"height":749,"url":"https:\/\/forogaliciaevalleinclan.com\/wp-content\/uploads\/2026\/03\/estudio.jpg","type":"image\/jpeg"}],"twitter_card":"summary_large_image","twitter_misc":{"Tiempo de lectura":"1 minuto"},"schema":{"@context":"https:\/\/schema.org","@graph":[{"@type":"WebPage","@id":"https:\/\/forogaliciaevalleinclan.com\/es\/producto\/foro-de-galicia-y-valle-inclan\/","url":"https:\/\/forogaliciaevalleinclan.com\/es\/producto\/foro-de-galicia-y-valle-inclan\/","name":"Foro de Galicia y Valle-Incl\u00e1n - Foro de Galicia y Valle-Incl\u00e1n","isPartOf":{"@id":"https:\/\/forogaliciaevalleinclan.com\/#website"},"primaryImageOfPage":{"@id":"https:\/\/forogaliciaevalleinclan.com\/es\/producto\/foro-de-galicia-y-valle-inclan\/#primaryimage"},"image":{"@id":"https:\/\/forogaliciaevalleinclan.com\/es\/producto\/foro-de-galicia-y-valle-inclan\/#primaryimage"},"thumbnailUrl":"https:\/\/forogaliciaevalleinclan.com\/wp-content\/uploads\/2026\/03\/estudio.jpg","datePublished":"2026-03-30T09:53:04+00:00","dateModified":"2026-04-06T10:11:27+00:00","breadcrumb":{"@id":"https:\/\/forogaliciaevalleinclan.com\/es\/producto\/foro-de-galicia-y-valle-inclan\/#breadcrumb"},"inLanguage":"es","potentialAction":[{"@type":"ReadAction","target":["https:\/\/forogaliciaevalleinclan.com\/es\/producto\/foro-de-galicia-y-valle-inclan\/"]}]},{"@type":"ImageObject","inLanguage":"es","@id":"https:\/\/forogaliciaevalleinclan.com\/es\/producto\/foro-de-galicia-y-valle-inclan\/#primaryimage","url":"https:\/\/forogaliciaevalleinclan.com\/wp-content\/uploads\/2026\/03\/estudio.jpg","contentUrl":"https:\/\/forogaliciaevalleinclan.com\/wp-content\/uploads\/2026\/03\/estudio.jpg","width":540,"height":749,"caption":"estudio Ram\u00f3n del Valle-Incl\u00e1n"},{"@type":"BreadcrumbList","@id":"https:\/\/forogaliciaevalleinclan.com\/es\/producto\/foro-de-galicia-y-valle-inclan\/#breadcrumb","itemListElement":[{"@type":"ListItem","position":1,"name":"Inicio","item":"https:\/\/forogaliciaevalleinclan.com\/"},{"@type":"ListItem","position":2,"name":"Tenda","item":"https:\/\/forogaliciaevalleinclan.com\/tenda\/"},{"@type":"ListItem","position":3,"name":"Foro Galicia e Valle-Incl\u00e1n"}]},{"@type":"WebSite","@id":"https:\/\/forogaliciaevalleinclan.com\/#website","url":"https:\/\/forogaliciaevalleinclan.com\/","name":"Foro de Galicia y Valle-Incl\u00e1n","description":"Promover la democratizaci\u00f3n del conocimiento p\u00fablico sobre la biograf\u00eda, el genio y la obra literaria del escritor Ram\u00f3n del Valle-Incl\u00e1n.","publisher":{"@id":"https:\/\/forogaliciaevalleinclan.com\/#organization"},"alternateName":"Foro Galicia e Valle-Incl\u00e1n","potentialAction":[{"@type":"SearchAction","target":{"@type":"EntryPoint","urlTemplate":"https:\/\/forogaliciaevalleinclan.com\/?s={search_term_string}"},"query-input":{"@type":"PropertyValueSpecification","valueRequired":true,"valueName":"search_term_string"}}],"inLanguage":"es"},{"@type":"Organization","@id":"https:\/\/forogaliciaevalleinclan.com\/#organization","name":"Foro de Galicia y Valle-Incl\u00e1n","alternateName":"Foro Galicia e Valle-Incl\u00e1n","url":"https:\/\/forogaliciaevalleinclan.com\/","logo":{"@type":"ImageObject","inLanguage":"es","@id":"https:\/\/forogaliciaevalleinclan.com\/#\/schema\/logo\/image\/","url":"https:\/\/forogaliciaevalleinclan.com\/wp-content\/uploads\/2026\/03\/logo-foro-galicia-e-valle-inclan.png","contentUrl":"https:\/\/forogaliciaevalleinclan.com\/wp-content\/uploads\/2026\/03\/logo-foro-galicia-e-valle-inclan.png","width":810,"height":570,"caption":"Foro Galicia e Valle-Incl\u00e1n"},"image":{"@id":"https:\/\/forogaliciaevalleinclan.com\/#\/schema\/logo\/image\/"}}]}},"_links":{"self":[{"href":"https:\/\/forogaliciaevalleinclan.com\/es\/wp-json\/wp\/v2\/product\/593","targetHints":{"allow":["GET"]}}],"collection":[{"href":"https:\/\/forogaliciaevalleinclan.com\/es\/wp-json\/wp\/v2\/product"}],"about":[{"href":"https:\/\/forogaliciaevalleinclan.com\/es\/wp-json\/wp\/v2\/types\/product"}],"wp:featuredmedia":[{"embeddable":true,"href":"https:\/\/forogaliciaevalleinclan.com\/es\/wp-json\/wp\/v2\/media\/594"}],"wp:attachment":[{"href":"https:\/\/forogaliciaevalleinclan.com\/es\/wp-json\/wp\/v2\/media?parent=593"}],"wp:term":[{"taxonomy":"product_brand","embeddable":true,"href":"https:\/\/forogaliciaevalleinclan.com\/es\/wp-json\/wp\/v2\/product_brand?post=593"},{"taxonomy":"product_cat","embeddable":true,"href":"https:\/\/forogaliciaevalleinclan.com\/es\/wp-json\/wp\/v2\/product_cat?post=593"},{"taxonomy":"product_tag","embeddable":true,"href":"https:\/\/forogaliciaevalleinclan.com\/es\/wp-json\/wp\/v2\/product_tag?post=593"}],"curies":[{"name":"wp","href":"https:\/\/api.w.org\/{rel}","templated":true}]}}