{"id":595,"date":"2026-03-30T11:57:35","date_gmt":"2026-03-30T09:57:35","guid":{"rendered":"https:\/\/forogaliciaevalleinclan.com\/?post_type=product&#038;p=595"},"modified":"2026-04-01T15:50:49","modified_gmt":"2026-04-01T13:50:49","slug":"la-espana-tradicional","status":"publish","type":"product","link":"https:\/\/forogaliciaevalleinclan.com\/es\/produto\/la-espana-tradicional\/","title":{"rendered":"La Espa\u00f1a tradicional"},"content":{"rendered":"","protected":false},"excerpt":{"rendered":"<p>Por Dios <strong>Ram\u00f3n del Valle-Incl\u00e1n<\/strong> (2023), una recopilaci\u00f3n en espa\u00f1ol de la trilog\u00eda de novelas que conforman el ciclo de las Guerras Carlistas: \u201cLos cruzados de la Causa\u201d, \u201cEl resplandor de la hoguera\u201d y \u201cGerifaltes de anta\u00f1o\u201d.<\/p>\n<p>Edici\u00f3n a cargo de Joaqu\u00edn del Valle-Incl\u00e1n, promovida por la asociaci\u00f3n Foro Galicia e Valle-Incl\u00e1n, en colaboraci\u00f3n con el Museo Valle-Incl\u00e1n \u2013 Ayuntamiento de Pobra do Carami\u00f1al.<\/p>","protected":false},"featured_media":596,"template":"","meta":[],"product_brand":[],"product_cat":[22],"product_tag":[],"class_list":{"0":"post-595","1":"product","2":"type-product","3":"status-publish","4":"has-post-thumbnail","6":"product_cat-libros","8":"first","9":"instock","10":"taxable","11":"shipping-taxable","12":"purchasable","13":"product-type-simple"},"yoast_head":"<!-- This site is optimized with the Yoast SEO plugin v27.3 - https:\/\/yoast.com\/product\/yoast-seo-wordpress\/ -->\n<title>La Espa\u00f1a Tradicional - Foro Galicia e Valle-Incl\u00e1n<\/title>\n<meta name=\"robots\" content=\"index, follow, max-snippet:-1, max-image-preview:large, max-video-preview:-1\" \/>\n<link rel=\"canonical\" href=\"https:\/\/forogaliciaevalleinclan.com\/es\/producto\/la-espana-tradicional\/\" \/>\n<meta property=\"og:locale\" content=\"es_ES\" \/>\n<meta property=\"og:type\" content=\"article\" \/>\n<meta property=\"og:title\" content=\"La Espa\u00f1a Tradicional - Foro Galicia e Valle-Incl\u00e1n\" \/>\n<meta property=\"og:description\" content=\"Por don Ram\u00f3n del Valle-Incl\u00e1n (2023), recompilaci\u00f3n en castel\u00e1n da trilox\u00eda de novelas que compo\u00f1en o ciclo das guerras carlistas: \u201cLos cruzados de la Causa\u201d, \u201cEl resplandor de la hoguera\u201d e \u201cGerifaltes de anta\u00f1o\u201d.  Edici\u00f3n de Joaqu\u00edn del Valle-Incl\u00e1n, promovida pola asociaci\u00f3n Foro Galicia e Valle-Incl\u00e1n, en colaboraci\u00f3n co Museo Valle-Incl\u00e1n \u2013 Concello da Pobra do Carami\u00f1al.\" \/>\n<meta property=\"og:url\" content=\"https:\/\/forogaliciaevalleinclan.com\/es\/producto\/la-espana-tradicional\/\" \/>\n<meta property=\"og:site_name\" content=\"Foro Galicia e Valle-Incl\u00e1n\" \/>\n<meta property=\"article:modified_time\" content=\"2026-04-01T13:50:49+00:00\" \/>\n<meta property=\"og:image\" content=\"https:\/\/forogaliciaevalleinclan.com\/wp-content\/uploads\/2026\/03\/la-espana-tradicional.jpg\" \/>\n\t<meta property=\"og:image:width\" content=\"540\" \/>\n\t<meta property=\"og:image:height\" content=\"749\" \/>\n\t<meta property=\"og:image:type\" content=\"image\/jpeg\" \/>\n<meta name=\"twitter:card\" content=\"summary_large_image\" \/>\n<meta name=\"twitter:label1\" content=\"Tiempo de lectura\" \/>\n\t<meta name=\"twitter:data1\" content=\"1 minuto\" \/>\n<script type=\"application\/ld+json\" class=\"yoast-schema-graph\">{\"@context\":\"https:\\\/\\\/schema.org\",\"@graph\":[{\"@type\":\"WebPage\",\"@id\":\"https:\\\/\\\/forogaliciaevalleinclan.com\\\/es\\\/producto\\\/la-espana-tradicional\\\/\",\"url\":\"https:\\\/\\\/forogaliciaevalleinclan.com\\\/es\\\/producto\\\/la-espana-tradicional\\\/\",\"name\":\"La Espa\u00f1a Tradicional - Foro Galicia e Valle-Incl\u00e1n\",\"isPartOf\":{\"@id\":\"https:\\\/\\\/forogaliciaevalleinclan.com\\\/#website\"},\"primaryImageOfPage\":{\"@id\":\"https:\\\/\\\/forogaliciaevalleinclan.com\\\/es\\\/producto\\\/la-espana-tradicional\\\/#primaryimage\"},\"image\":{\"@id\":\"https:\\\/\\\/forogaliciaevalleinclan.com\\\/es\\\/producto\\\/la-espana-tradicional\\\/#primaryimage\"},\"thumbnailUrl\":\"https:\\\/\\\/forogaliciaevalleinclan.com\\\/wp-content\\\/uploads\\\/2026\\\/03\\\/la-espana-tradicional.jpg\",\"datePublished\":\"2026-03-30T09:57:35+00:00\",\"dateModified\":\"2026-04-01T13:50:49+00:00\",\"breadcrumb\":{\"@id\":\"https:\\\/\\\/forogaliciaevalleinclan.com\\\/es\\\/producto\\\/la-espana-tradicional\\\/#breadcrumb\"},\"inLanguage\":\"es\",\"potentialAction\":[{\"@type\":\"ReadAction\",\"target\":[\"https:\\\/\\\/forogaliciaevalleinclan.com\\\/es\\\/producto\\\/la-espana-tradicional\\\/\"]}]},{\"@type\":\"ImageObject\",\"inLanguage\":\"es\",\"@id\":\"https:\\\/\\\/forogaliciaevalleinclan.com\\\/es\\\/producto\\\/la-espana-tradicional\\\/#primaryimage\",\"url\":\"https:\\\/\\\/forogaliciaevalleinclan.com\\\/wp-content\\\/uploads\\\/2026\\\/03\\\/la-espana-tradicional.jpg\",\"contentUrl\":\"https:\\\/\\\/forogaliciaevalleinclan.com\\\/wp-content\\\/uploads\\\/2026\\\/03\\\/la-espana-tradicional.jpg\",\"width\":540,\"height\":749,\"caption\":\"La Espa\u00f1a Tradicional\"},{\"@type\":\"BreadcrumbList\",\"@id\":\"https:\\\/\\\/forogaliciaevalleinclan.com\\\/es\\\/producto\\\/la-espana-tradicional\\\/#breadcrumb\",\"itemListElement\":[{\"@type\":\"ListItem\",\"position\":1,\"name\":\"Inicio\",\"item\":\"https:\\\/\\\/forogaliciaevalleinclan.com\\\/\"},{\"@type\":\"ListItem\",\"position\":2,\"name\":\"Tenda\",\"item\":\"https:\\\/\\\/forogaliciaevalleinclan.com\\\/tenda\\\/\"},{\"@type\":\"ListItem\",\"position\":3,\"name\":\"La Espa\u00f1a Tradicional\"}]},{\"@type\":\"WebSite\",\"@id\":\"https:\\\/\\\/forogaliciaevalleinclan.com\\\/#website\",\"url\":\"https:\\\/\\\/forogaliciaevalleinclan.com\\\/\",\"name\":\"Foro Galicia e Valle-Incl\u00e1n\",\"description\":\"Promover a democratizaci\u00f3n do co\u00f1ecemento p\u00fablico sobre a biograf\u00eda, a xenialidade e a obra literaria do escritor Ram\u00f3n del Valle-Incl\u00e1n\",\"publisher\":{\"@id\":\"https:\\\/\\\/forogaliciaevalleinclan.com\\\/#organization\"},\"alternateName\":\"Foro Galicia e Valle-Incl\u00e1n\",\"potentialAction\":[{\"@type\":\"SearchAction\",\"target\":{\"@type\":\"EntryPoint\",\"urlTemplate\":\"https:\\\/\\\/forogaliciaevalleinclan.com\\\/?s={search_term_string}\"},\"query-input\":{\"@type\":\"PropertyValueSpecification\",\"valueRequired\":true,\"valueName\":\"search_term_string\"}}],\"inLanguage\":\"es\"},{\"@type\":\"Organization\",\"@id\":\"https:\\\/\\\/forogaliciaevalleinclan.com\\\/#organization\",\"name\":\"Foro Galicia e Valle-Incl\u00e1n\",\"alternateName\":\"Foro Galicia e Valle-Incl\u00e1n\",\"url\":\"https:\\\/\\\/forogaliciaevalleinclan.com\\\/\",\"logo\":{\"@type\":\"ImageObject\",\"inLanguage\":\"es\",\"@id\":\"https:\\\/\\\/forogaliciaevalleinclan.com\\\/#\\\/schema\\\/logo\\\/image\\\/\",\"url\":\"https:\\\/\\\/forogaliciaevalleinclan.com\\\/wp-content\\\/uploads\\\/2026\\\/03\\\/logo-foro-galicia-e-valle-inclan.png\",\"contentUrl\":\"https:\\\/\\\/forogaliciaevalleinclan.com\\\/wp-content\\\/uploads\\\/2026\\\/03\\\/logo-foro-galicia-e-valle-inclan.png\",\"width\":810,\"height\":570,\"caption\":\"Foro Galicia e Valle-Incl\u00e1n\"},\"image\":{\"@id\":\"https:\\\/\\\/forogaliciaevalleinclan.com\\\/#\\\/schema\\\/logo\\\/image\\\/\"}}]}<\/script>\n<!-- \/ Yoast SEO plugin. -->","yoast_head_json":{"title":"La Espa\u00f1a tradicional: el Foro de Galicia y Valle-Incl\u00e1n","robots":{"index":"index","follow":"follow","max-snippet":"max-snippet:-1","max-image-preview":"max-image-preview:large","max-video-preview":"max-video-preview:-1"},"canonical":"https:\/\/forogaliciaevalleinclan.com\/es\/producto\/la-espana-tradicional\/","og_locale":"es_ES","og_type":"article","og_title":"La Espa\u00f1a Tradicional - Foro Galicia e Valle-Incl\u00e1n","og_description":"Por don Ram\u00f3n del Valle-Incl\u00e1n (2023), recompilaci\u00f3n en castel\u00e1n da trilox\u00eda de novelas que compo\u00f1en o ciclo das guerras carlistas: \u201cLos cruzados de la Causa\u201d, \u201cEl resplandor de la hoguera\u201d e \u201cGerifaltes de anta\u00f1o\u201d.  Edici\u00f3n de Joaqu\u00edn del Valle-Incl\u00e1n, promovida pola asociaci\u00f3n Foro Galicia e Valle-Incl\u00e1n, en colaboraci\u00f3n co Museo Valle-Incl\u00e1n \u2013 Concello da Pobra do Carami\u00f1al.","og_url":"https:\/\/forogaliciaevalleinclan.com\/es\/producto\/la-espana-tradicional\/","og_site_name":"Foro Galicia e Valle-Incl\u00e1n","article_modified_time":"2026-04-01T13:50:49+00:00","og_image":[{"width":540,"height":749,"url":"https:\/\/forogaliciaevalleinclan.com\/wp-content\/uploads\/2026\/03\/la-espana-tradicional.jpg","type":"image\/jpeg"}],"twitter_card":"summary_large_image","twitter_misc":{"Tiempo de lectura":"1 minuto"},"schema":{"@context":"https:\/\/schema.org","@graph":[{"@type":"WebPage","@id":"https:\/\/forogaliciaevalleinclan.com\/es\/producto\/la-espana-tradicional\/","url":"https:\/\/forogaliciaevalleinclan.com\/es\/producto\/la-espana-tradicional\/","name":"La Espa\u00f1a tradicional: el Foro de Galicia y Valle-Incl\u00e1n","isPartOf":{"@id":"https:\/\/forogaliciaevalleinclan.com\/#website"},"primaryImageOfPage":{"@id":"https:\/\/forogaliciaevalleinclan.com\/es\/producto\/la-espana-tradicional\/#primaryimage"},"image":{"@id":"https:\/\/forogaliciaevalleinclan.com\/es\/producto\/la-espana-tradicional\/#primaryimage"},"thumbnailUrl":"https:\/\/forogaliciaevalleinclan.com\/wp-content\/uploads\/2026\/03\/la-espana-tradicional.jpg","datePublished":"2026-03-30T09:57:35+00:00","dateModified":"2026-04-01T13:50:49+00:00","breadcrumb":{"@id":"https:\/\/forogaliciaevalleinclan.com\/es\/producto\/la-espana-tradicional\/#breadcrumb"},"inLanguage":"es","potentialAction":[{"@type":"ReadAction","target":["https:\/\/forogaliciaevalleinclan.com\/es\/producto\/la-espana-tradicional\/"]}]},{"@type":"ImageObject","inLanguage":"es","@id":"https:\/\/forogaliciaevalleinclan.com\/es\/producto\/la-espana-tradicional\/#primaryimage","url":"https:\/\/forogaliciaevalleinclan.com\/wp-content\/uploads\/2026\/03\/la-espana-tradicional.jpg","contentUrl":"https:\/\/forogaliciaevalleinclan.com\/wp-content\/uploads\/2026\/03\/la-espana-tradicional.jpg","width":540,"height":749,"caption":"La Espa\u00f1a Tradicional"},{"@type":"BreadcrumbList","@id":"https:\/\/forogaliciaevalleinclan.com\/es\/producto\/la-espana-tradicional\/#breadcrumb","itemListElement":[{"@type":"ListItem","position":1,"name":"Inicio","item":"https:\/\/forogaliciaevalleinclan.com\/"},{"@type":"ListItem","position":2,"name":"Tenda","item":"https:\/\/forogaliciaevalleinclan.com\/tenda\/"},{"@type":"ListItem","position":3,"name":"La Espa\u00f1a Tradicional"}]},{"@type":"WebSite","@id":"https:\/\/forogaliciaevalleinclan.com\/#website","url":"https:\/\/forogaliciaevalleinclan.com\/","name":"Foro de Galicia y Valle-Incl\u00e1n","description":"Promover la democratizaci\u00f3n del conocimiento p\u00fablico sobre la biograf\u00eda, el genio y la obra literaria del escritor Ram\u00f3n del Valle-Incl\u00e1n.","publisher":{"@id":"https:\/\/forogaliciaevalleinclan.com\/#organization"},"alternateName":"Foro Galicia e Valle-Incl\u00e1n","potentialAction":[{"@type":"SearchAction","target":{"@type":"EntryPoint","urlTemplate":"https:\/\/forogaliciaevalleinclan.com\/?s={search_term_string}"},"query-input":{"@type":"PropertyValueSpecification","valueRequired":true,"valueName":"search_term_string"}}],"inLanguage":"es"},{"@type":"Organization","@id":"https:\/\/forogaliciaevalleinclan.com\/#organization","name":"Foro de Galicia y Valle-Incl\u00e1n","alternateName":"Foro Galicia e Valle-Incl\u00e1n","url":"https:\/\/forogaliciaevalleinclan.com\/","logo":{"@type":"ImageObject","inLanguage":"es","@id":"https:\/\/forogaliciaevalleinclan.com\/#\/schema\/logo\/image\/","url":"https:\/\/forogaliciaevalleinclan.com\/wp-content\/uploads\/2026\/03\/logo-foro-galicia-e-valle-inclan.png","contentUrl":"https:\/\/forogaliciaevalleinclan.com\/wp-content\/uploads\/2026\/03\/logo-foro-galicia-e-valle-inclan.png","width":810,"height":570,"caption":"Foro Galicia e Valle-Incl\u00e1n"},"image":{"@id":"https:\/\/forogaliciaevalleinclan.com\/#\/schema\/logo\/image\/"}}]}},"_links":{"self":[{"href":"https:\/\/forogaliciaevalleinclan.com\/es\/wp-json\/wp\/v2\/product\/595","targetHints":{"allow":["GET"]}}],"collection":[{"href":"https:\/\/forogaliciaevalleinclan.com\/es\/wp-json\/wp\/v2\/product"}],"about":[{"href":"https:\/\/forogaliciaevalleinclan.com\/es\/wp-json\/wp\/v2\/types\/product"}],"wp:featuredmedia":[{"embeddable":true,"href":"https:\/\/forogaliciaevalleinclan.com\/es\/wp-json\/wp\/v2\/media\/596"}],"wp:attachment":[{"href":"https:\/\/forogaliciaevalleinclan.com\/es\/wp-json\/wp\/v2\/media?parent=595"}],"wp:term":[{"taxonomy":"product_brand","embeddable":true,"href":"https:\/\/forogaliciaevalleinclan.com\/es\/wp-json\/wp\/v2\/product_brand?post=595"},{"taxonomy":"product_cat","embeddable":true,"href":"https:\/\/forogaliciaevalleinclan.com\/es\/wp-json\/wp\/v2\/product_cat?post=595"},{"taxonomy":"product_tag","embeddable":true,"href":"https:\/\/forogaliciaevalleinclan.com\/es\/wp-json\/wp\/v2\/product_tag?post=595"}],"curies":[{"name":"wp","href":"https:\/\/api.w.org\/{rel}","templated":true}]}}