{"id":989,"date":"2026-04-13T18:38:39","date_gmt":"2026-04-13T16:38:39","guid":{"rendered":"https:\/\/forogaliciaevalleinclan.com\/?post_type=product&#038;p=989"},"modified":"2026-04-13T18:39:08","modified_gmt":"2026-04-13T16:39:08","slug":"revista-galicia-y-valle-inclan-ano-3-numero-3","status":"publish","type":"product","link":"https:\/\/forogaliciaevalleinclan.com\/es\/produto\/revista-foro-galicia-e-valle-inclan-2026-ano-3-numero-3\/","title":{"rendered":"Foro Galicia y Revista Valle-Incl\u00e1n 2026 \u2013 A\u00f1o 3, n.\u00ba 3"},"content":{"rendered":"","protected":false},"excerpt":{"rendered":"<p>Revista \u00abForo Galicia e Valle-Incl\u00e1n\u00bb, correspondiente al a\u00f1o 2026 (3.\u00ba a\u00f1o, n.\u00ba 3). Esta publicaci\u00f3n re\u00fane estudios e investigaciones centrados en la figura y el contexto de Ram\u00f3n del Valle-Incl\u00e1n, incluyendo contenidos biogr\u00e1ficos, an\u00e1lisis hist\u00f3ricos y contribuciones documentales sobre su entorno familiar y cultural, como el estudio de figuras vinculadas a \u00e9l, por ejemplo, Josefina Blanco Tejerina.<\/p>","protected":false},"featured_media":988,"template":"","meta":[],"product_brand":[],"product_cat":[22],"product_tag":[],"class_list":{"0":"post-989","1":"product","2":"type-product","3":"status-publish","4":"has-post-thumbnail","6":"product_cat-libros","8":"first","9":"instock","10":"taxable","11":"shipping-taxable","12":"purchasable","13":"product-type-simple"},"yoast_head":"<!-- This site is optimized with the Yoast SEO plugin v27.3 - https:\/\/yoast.com\/product\/yoast-seo-wordpress\/ -->\n<title>Revista Foro Galicia e Valle-Incl\u00e1n 2026 \u2013 Ano 3 N\u00ba 3 - Foro Galicia e Valle-Incl\u00e1n<\/title>\n<meta name=\"robots\" content=\"index, follow, max-snippet:-1, max-image-preview:large, max-video-preview:-1\" \/>\n<link rel=\"canonical\" href=\"https:\/\/forogaliciaevalleinclan.com\/es\/producto\/revista-galicia-y-valle-inclan-ano-3-numero-3\/\" \/>\n<meta property=\"og:locale\" content=\"es_ES\" \/>\n<meta property=\"og:type\" content=\"article\" \/>\n<meta property=\"og:title\" content=\"Revista Foro Galicia e Valle-Incl\u00e1n 2026 \u2013 Ano 3 N\u00ba 3 - Foro Galicia e Valle-Incl\u00e1n\" \/>\n<meta property=\"og:description\" content=\"Revista Foro Galicia e Valle-Incl\u00e1n, correspondente ao ano 2026 (Ano 3, n\u00famero 3). Esta publicaci\u00f3n re\u00fane estudos e investigaci\u00f3ns centradas na figura e contexto de Ram\u00f3n del Valle-Incl\u00e1n, inclu\u00edndo contidos de car\u00e1cter biogr\u00e1fico, an\u00e1lise hist\u00f3rica e achegas documentais sobre o seu entorno familiar e cultural, como o estudo de figuras vinculadas como Josefina Blanco Tejerina.\" \/>\n<meta property=\"og:url\" content=\"https:\/\/forogaliciaevalleinclan.com\/es\/producto\/revista-galicia-y-valle-inclan-ano-3-numero-3\/\" \/>\n<meta property=\"og:site_name\" content=\"Foro Galicia e Valle-Incl\u00e1n\" \/>\n<meta property=\"article:modified_time\" content=\"2026-04-13T16:39:08+00:00\" \/>\n<meta property=\"og:image\" content=\"https:\/\/forogaliciaevalleinclan.com\/wp-content\/uploads\/2026\/04\/Revista-3-Foro-Galicia-e-Valle-Inclan-GAL.jpg\" \/>\n\t<meta property=\"og:image:width\" content=\"488\" \/>\n\t<meta property=\"og:image:height\" content=\"704\" \/>\n\t<meta property=\"og:image:type\" content=\"image\/jpeg\" \/>\n<meta name=\"twitter:card\" content=\"summary_large_image\" \/>\n<meta name=\"twitter:label1\" content=\"Tiempo de lectura\" \/>\n\t<meta name=\"twitter:data1\" content=\"1 minuto\" \/>\n<script type=\"application\/ld+json\" class=\"yoast-schema-graph\">{\"@context\":\"https:\\\/\\\/schema.org\",\"@graph\":[{\"@type\":\"WebPage\",\"@id\":\"https:\\\/\\\/forogaliciaevalleinclan.com\\\/produto\\\/revista-foro-galicia-e-valle-inclan-2026-ano-3-numero-3\\\/\",\"url\":\"https:\\\/\\\/forogaliciaevalleinclan.com\\\/produto\\\/revista-foro-galicia-e-valle-inclan-2026-ano-3-numero-3\\\/\",\"name\":\"Revista Foro Galicia e Valle-Incl\u00e1n 2026 \u2013 Ano 3 N\u00ba 3 - Foro Galicia e Valle-Incl\u00e1n\",\"isPartOf\":{\"@id\":\"https:\\\/\\\/forogaliciaevalleinclan.com\\\/#website\"},\"primaryImageOfPage\":{\"@id\":\"https:\\\/\\\/forogaliciaevalleinclan.com\\\/produto\\\/revista-foro-galicia-e-valle-inclan-2026-ano-3-numero-3\\\/#primaryimage\"},\"image\":{\"@id\":\"https:\\\/\\\/forogaliciaevalleinclan.com\\\/produto\\\/revista-foro-galicia-e-valle-inclan-2026-ano-3-numero-3\\\/#primaryimage\"},\"thumbnailUrl\":\"https:\\\/\\\/forogaliciaevalleinclan.com\\\/wp-content\\\/uploads\\\/2026\\\/04\\\/Revista-3-Foro-Galicia-e-Valle-Inclan-GAL.jpg\",\"datePublished\":\"2026-04-13T16:38:39+00:00\",\"dateModified\":\"2026-04-13T16:39:08+00:00\",\"breadcrumb\":{\"@id\":\"https:\\\/\\\/forogaliciaevalleinclan.com\\\/produto\\\/revista-foro-galicia-e-valle-inclan-2026-ano-3-numero-3\\\/#breadcrumb\"},\"inLanguage\":\"es\",\"potentialAction\":[{\"@type\":\"ReadAction\",\"target\":[\"https:\\\/\\\/forogaliciaevalleinclan.com\\\/produto\\\/revista-foro-galicia-e-valle-inclan-2026-ano-3-numero-3\\\/\"]}]},{\"@type\":\"ImageObject\",\"inLanguage\":\"es\",\"@id\":\"https:\\\/\\\/forogaliciaevalleinclan.com\\\/produto\\\/revista-foro-galicia-e-valle-inclan-2026-ano-3-numero-3\\\/#primaryimage\",\"url\":\"https:\\\/\\\/forogaliciaevalleinclan.com\\\/wp-content\\\/uploads\\\/2026\\\/04\\\/Revista-3-Foro-Galicia-e-Valle-Inclan-GAL.jpg\",\"contentUrl\":\"https:\\\/\\\/forogaliciaevalleinclan.com\\\/wp-content\\\/uploads\\\/2026\\\/04\\\/Revista-3-Foro-Galicia-e-Valle-Inclan-GAL.jpg\",\"width\":488,\"height\":704},{\"@type\":\"BreadcrumbList\",\"@id\":\"https:\\\/\\\/forogaliciaevalleinclan.com\\\/produto\\\/revista-foro-galicia-e-valle-inclan-2026-ano-3-numero-3\\\/#breadcrumb\",\"itemListElement\":[{\"@type\":\"ListItem\",\"position\":1,\"name\":\"Inicio\",\"item\":\"https:\\\/\\\/forogaliciaevalleinclan.com\\\/\"},{\"@type\":\"ListItem\",\"position\":2,\"name\":\"Tenda\",\"item\":\"https:\\\/\\\/forogaliciaevalleinclan.com\\\/tenda\\\/\"},{\"@type\":\"ListItem\",\"position\":3,\"name\":\"Revista Foro Galicia e Valle-Incl\u00e1n 2026 \u2013 Ano 3 N\u00ba 3\"}]},{\"@type\":\"WebSite\",\"@id\":\"https:\\\/\\\/forogaliciaevalleinclan.com\\\/#website\",\"url\":\"https:\\\/\\\/forogaliciaevalleinclan.com\\\/\",\"name\":\"Foro Galicia e Valle-Incl\u00e1n\",\"description\":\"Promover a democratizaci\u00f3n do co\u00f1ecemento p\u00fablico sobre a biograf\u00eda, a xenialidade e a obra literaria do escritor Ram\u00f3n del Valle-Incl\u00e1n\",\"publisher\":{\"@id\":\"https:\\\/\\\/forogaliciaevalleinclan.com\\\/#organization\"},\"alternateName\":\"Foro Galicia e Valle-Incl\u00e1n\",\"potentialAction\":[{\"@type\":\"SearchAction\",\"target\":{\"@type\":\"EntryPoint\",\"urlTemplate\":\"https:\\\/\\\/forogaliciaevalleinclan.com\\\/?s={search_term_string}\"},\"query-input\":{\"@type\":\"PropertyValueSpecification\",\"valueRequired\":true,\"valueName\":\"search_term_string\"}}],\"inLanguage\":\"es\"},{\"@type\":\"Organization\",\"@id\":\"https:\\\/\\\/forogaliciaevalleinclan.com\\\/#organization\",\"name\":\"Foro Galicia e Valle-Incl\u00e1n\",\"alternateName\":\"Foro Galicia e Valle-Incl\u00e1n\",\"url\":\"https:\\\/\\\/forogaliciaevalleinclan.com\\\/\",\"logo\":{\"@type\":\"ImageObject\",\"inLanguage\":\"es\",\"@id\":\"https:\\\/\\\/forogaliciaevalleinclan.com\\\/#\\\/schema\\\/logo\\\/image\\\/\",\"url\":\"https:\\\/\\\/forogaliciaevalleinclan.com\\\/wp-content\\\/uploads\\\/2026\\\/03\\\/logo-foro-galicia-e-valle-inclan.png\",\"contentUrl\":\"https:\\\/\\\/forogaliciaevalleinclan.com\\\/wp-content\\\/uploads\\\/2026\\\/03\\\/logo-foro-galicia-e-valle-inclan.png\",\"width\":810,\"height\":570,\"caption\":\"Foro Galicia e Valle-Incl\u00e1n\"},\"image\":{\"@id\":\"https:\\\/\\\/forogaliciaevalleinclan.com\\\/#\\\/schema\\\/logo\\\/image\\\/\"}}]}<\/script>\n<!-- \/ Yoast SEO plugin. -->","yoast_head_json":{"title":"Revista \u00abGalicia y Valle-Incl\u00e1n\u00bb 2026 \u2013 A\u00f1o 3, n.\u00ba 3 - Foro Galicia y Valle-Incl\u00e1n","robots":{"index":"index","follow":"follow","max-snippet":"max-snippet:-1","max-image-preview":"max-image-preview:large","max-video-preview":"max-video-preview:-1"},"canonical":"https:\/\/forogaliciaevalleinclan.com\/es\/producto\/revista-galicia-y-valle-inclan-ano-3-numero-3\/","og_locale":"es_ES","og_type":"article","og_title":"Revista Foro Galicia e Valle-Incl\u00e1n 2026 \u2013 Ano 3 N\u00ba 3 - Foro Galicia e Valle-Incl\u00e1n","og_description":"Revista Foro Galicia e Valle-Incl\u00e1n, correspondente ao ano 2026 (Ano 3, n\u00famero 3). Esta publicaci\u00f3n re\u00fane estudos e investigaci\u00f3ns centradas na figura e contexto de Ram\u00f3n del Valle-Incl\u00e1n, inclu\u00edndo contidos de car\u00e1cter biogr\u00e1fico, an\u00e1lise hist\u00f3rica e achegas documentais sobre o seu entorno familiar e cultural, como o estudo de figuras vinculadas como Josefina Blanco Tejerina.","og_url":"https:\/\/forogaliciaevalleinclan.com\/es\/producto\/revista-galicia-y-valle-inclan-ano-3-numero-3\/","og_site_name":"Foro Galicia e Valle-Incl\u00e1n","article_modified_time":"2026-04-13T16:39:08+00:00","og_image":[{"width":488,"height":704,"url":"https:\/\/forogaliciaevalleinclan.com\/wp-content\/uploads\/2026\/04\/Revista-3-Foro-Galicia-e-Valle-Inclan-GAL.jpg","type":"image\/jpeg"}],"twitter_card":"summary_large_image","twitter_misc":{"Tiempo de lectura":"1 minuto"},"schema":{"@context":"https:\/\/schema.org","@graph":[{"@type":"WebPage","@id":"https:\/\/forogaliciaevalleinclan.com\/produto\/revista-foro-galicia-e-valle-inclan-2026-ano-3-numero-3\/","url":"https:\/\/forogaliciaevalleinclan.com\/produto\/revista-foro-galicia-e-valle-inclan-2026-ano-3-numero-3\/","name":"Revista \u00abGalicia y Valle-Incl\u00e1n\u00bb 2026 \u2013 A\u00f1o 3, n.\u00ba 3 - Foro Galicia y Valle-Incl\u00e1n","isPartOf":{"@id":"https:\/\/forogaliciaevalleinclan.com\/#website"},"primaryImageOfPage":{"@id":"https:\/\/forogaliciaevalleinclan.com\/produto\/revista-foro-galicia-e-valle-inclan-2026-ano-3-numero-3\/#primaryimage"},"image":{"@id":"https:\/\/forogaliciaevalleinclan.com\/produto\/revista-foro-galicia-e-valle-inclan-2026-ano-3-numero-3\/#primaryimage"},"thumbnailUrl":"https:\/\/forogaliciaevalleinclan.com\/wp-content\/uploads\/2026\/04\/Revista-3-Foro-Galicia-e-Valle-Inclan-GAL.jpg","datePublished":"2026-04-13T16:38:39+00:00","dateModified":"2026-04-13T16:39:08+00:00","breadcrumb":{"@id":"https:\/\/forogaliciaevalleinclan.com\/produto\/revista-foro-galicia-e-valle-inclan-2026-ano-3-numero-3\/#breadcrumb"},"inLanguage":"es","potentialAction":[{"@type":"ReadAction","target":["https:\/\/forogaliciaevalleinclan.com\/produto\/revista-foro-galicia-e-valle-inclan-2026-ano-3-numero-3\/"]}]},{"@type":"ImageObject","inLanguage":"es","@id":"https:\/\/forogaliciaevalleinclan.com\/produto\/revista-foro-galicia-e-valle-inclan-2026-ano-3-numero-3\/#primaryimage","url":"https:\/\/forogaliciaevalleinclan.com\/wp-content\/uploads\/2026\/04\/Revista-3-Foro-Galicia-e-Valle-Inclan-GAL.jpg","contentUrl":"https:\/\/forogaliciaevalleinclan.com\/wp-content\/uploads\/2026\/04\/Revista-3-Foro-Galicia-e-Valle-Inclan-GAL.jpg","width":488,"height":704},{"@type":"BreadcrumbList","@id":"https:\/\/forogaliciaevalleinclan.com\/produto\/revista-foro-galicia-e-valle-inclan-2026-ano-3-numero-3\/#breadcrumb","itemListElement":[{"@type":"ListItem","position":1,"name":"Inicio","item":"https:\/\/forogaliciaevalleinclan.com\/"},{"@type":"ListItem","position":2,"name":"Tenda","item":"https:\/\/forogaliciaevalleinclan.com\/tenda\/"},{"@type":"ListItem","position":3,"name":"Revista Foro Galicia e Valle-Incl\u00e1n 2026 \u2013 Ano 3 N\u00ba 3"}]},{"@type":"WebSite","@id":"https:\/\/forogaliciaevalleinclan.com\/#website","url":"https:\/\/forogaliciaevalleinclan.com\/","name":"Foro de Galicia y Valle-Incl\u00e1n","description":"Promover la democratizaci\u00f3n del conocimiento p\u00fablico sobre la biograf\u00eda, el genio y la obra literaria del escritor Ram\u00f3n del Valle-Incl\u00e1n.","publisher":{"@id":"https:\/\/forogaliciaevalleinclan.com\/#organization"},"alternateName":"Foro Galicia e Valle-Incl\u00e1n","potentialAction":[{"@type":"SearchAction","target":{"@type":"EntryPoint","urlTemplate":"https:\/\/forogaliciaevalleinclan.com\/?s={search_term_string}"},"query-input":{"@type":"PropertyValueSpecification","valueRequired":true,"valueName":"search_term_string"}}],"inLanguage":"es"},{"@type":"Organization","@id":"https:\/\/forogaliciaevalleinclan.com\/#organization","name":"Foro de Galicia y Valle-Incl\u00e1n","alternateName":"Foro Galicia e Valle-Incl\u00e1n","url":"https:\/\/forogaliciaevalleinclan.com\/","logo":{"@type":"ImageObject","inLanguage":"es","@id":"https:\/\/forogaliciaevalleinclan.com\/#\/schema\/logo\/image\/","url":"https:\/\/forogaliciaevalleinclan.com\/wp-content\/uploads\/2026\/03\/logo-foro-galicia-e-valle-inclan.png","contentUrl":"https:\/\/forogaliciaevalleinclan.com\/wp-content\/uploads\/2026\/03\/logo-foro-galicia-e-valle-inclan.png","width":810,"height":570,"caption":"Foro Galicia e Valle-Incl\u00e1n"},"image":{"@id":"https:\/\/forogaliciaevalleinclan.com\/#\/schema\/logo\/image\/"}}]}},"_links":{"self":[{"href":"https:\/\/forogaliciaevalleinclan.com\/es\/wp-json\/wp\/v2\/product\/989","targetHints":{"allow":["GET"]}}],"collection":[{"href":"https:\/\/forogaliciaevalleinclan.com\/es\/wp-json\/wp\/v2\/product"}],"about":[{"href":"https:\/\/forogaliciaevalleinclan.com\/es\/wp-json\/wp\/v2\/types\/product"}],"wp:featuredmedia":[{"embeddable":true,"href":"https:\/\/forogaliciaevalleinclan.com\/es\/wp-json\/wp\/v2\/media\/988"}],"wp:attachment":[{"href":"https:\/\/forogaliciaevalleinclan.com\/es\/wp-json\/wp\/v2\/media?parent=989"}],"wp:term":[{"taxonomy":"product_brand","embeddable":true,"href":"https:\/\/forogaliciaevalleinclan.com\/es\/wp-json\/wp\/v2\/product_brand?post=989"},{"taxonomy":"product_cat","embeddable":true,"href":"https:\/\/forogaliciaevalleinclan.com\/es\/wp-json\/wp\/v2\/product_cat?post=989"},{"taxonomy":"product_tag","embeddable":true,"href":"https:\/\/forogaliciaevalleinclan.com\/es\/wp-json\/wp\/v2\/product_tag?post=989"}],"curies":[{"name":"wp","href":"https:\/\/api.w.org\/{rel}","templated":true}]}}